{"id":15047,"date":"2025-10-10T09:05:36","date_gmt":"2025-10-10T07:05:36","guid":{"rendered":"https:\/\/asbhp.pl\/produkt\/bluza-meska-practic\/"},"modified":"2025-10-10T09:05:47","modified_gmt":"2025-10-10T07:05:47","slug":"s-grafitowy","status":"publish","type":"product","link":"https:\/\/asbhp.pl\/?product=s-grafitowy","title":{"rendered":"S Grafitowy"},"content":{"rendered":"<ul>\n<li>ca\u0142o\u015b\u0107 podszyta ocieplaj\u0105c\u0105 dzianin\u0105 typu &#8220;lama&#8221;\n<li>wzmocnienia z tkaniny o podwy\u017cszonej wytrzyma\u0142o\u015bci\n<li>mocny metalowy zamek YKK\n<li>ta\u015bmy odblaskowe 3M Scotchlite\n<li>elastyczne \u015bci\u0105gacze w r\u0119kawach i dolnej cz\u0119\u015bci bluzy\n<li>2 wielofunkcyjne, pojemne kieszenie zapinane na napy\n<li>odpisany kaptur\n<li>wyko\u0144czona bardzo ciep\u0142ym futrem z lamy\n<li>wzmocnienia na \u0142okciach i barkach z Cordury<\/ul>\n","protected":false},"excerpt":{"rendered":"<p>ca\u0142o\u015b\u0107 podszyta ocieplaj\u0105c\u0105 dzianin\u0105 typu &#8220;lama&#8221; wzmocnienia z tkaniny o podwy\u017cszonej wytrzyma\u0142o\u015bci mocny metalowy zamek YKK ta\u015bmy odblaskowe 3M Scotchlite elastyczne \u015bci\u0105gacze w r\u0119kawach i dolnej cz\u0119\u015bci bluzy 2 wielofunkcyjne, pojemne kieszenie zapinane na napy odpisany kaptur wyko\u0144czona bardzo ciep\u0142ym futrem z lamy wzmocnienia na \u0142okciach i barkach z Cordury<\/p>\n","protected":false},"featured_media":20783,"comment_status":"closed","ping_status":"open","template":"","meta":[],"product_brand":[483],"product_cat":[571,597,440],"product_tag":[],"class_list":{"0":"post-15047","1":"product","2":"type-product","3":"status-publish","4":"has-post-thumbnail","6":"product_brand-stalco-perfect","7":"product_cat-bluzy-robocze","8":"product_cat-bluzy-robocze-z-kapturem","9":"product_cat-odziez-robocza","10":"pa_kolor-grafitowy","11":"pa_producent-stalco-perfect","12":"pa_rozmiar-2xl","13":"pa_rozmiar-3xl","14":"pa_rozmiar-l","15":"pa_rozmiar-m","16":"pa_rozmiar-s","17":"pa_rozmiar-xl","18":"pa_waga-1-1","19":"pa_waga-1-2","20":"pa_waga-1-3","21":"pa_waga-1-4","22":"pa_waga-1-5","23":"pa_waga-1-55","25":"first","26":"instock","27":"shipping-taxable","28":"purchasable","29":"product-type-variable","30":"has-default-attributes"},"_links":{"self":[{"href":"https:\/\/asbhp.pl\/index.php?rest_route=\/wp\/v2\/product\/15047","targetHints":{"allow":["GET"]}}],"collection":[{"href":"https:\/\/asbhp.pl\/index.php?rest_route=\/wp\/v2\/product"}],"about":[{"href":"https:\/\/asbhp.pl\/index.php?rest_route=\/wp\/v2\/types\/product"}],"replies":[{"embeddable":true,"href":"https:\/\/asbhp.pl\/index.php?rest_route=%2Fwp%2Fv2%2Fcomments&post=15047"}],"wp:featuredmedia":[{"embeddable":true,"href":"https:\/\/asbhp.pl\/index.php?rest_route=\/wp\/v2\/media\/20783"}],"wp:attachment":[{"href":"https:\/\/asbhp.pl\/index.php?rest_route=%2Fwp%2Fv2%2Fmedia&parent=15047"}],"wp:term":[{"taxonomy":"product_brand","embeddable":true,"href":"https:\/\/asbhp.pl\/index.php?rest_route=%2Fwp%2Fv2%2Fproduct_brand&post=15047"},{"taxonomy":"product_cat","embeddable":true,"href":"https:\/\/asbhp.pl\/index.php?rest_route=%2Fwp%2Fv2%2Fproduct_cat&post=15047"},{"taxonomy":"product_tag","embeddable":true,"href":"https:\/\/asbhp.pl\/index.php?rest_route=%2Fwp%2Fv2%2Fproduct_tag&post=15047"}],"curies":[{"name":"wp","href":"https:\/\/api.w.org\/{rel}","templated":true}]}}