{"id":15071,"date":"2025-10-10T09:05:47","date_gmt":"2025-10-10T07:05:47","guid":{"rendered":"https:\/\/asbhp.pl\/produkt\/bluza-damska-spartan-w\/"},"modified":"2025-10-10T09:05:52","modified_gmt":"2025-10-10T07:05:52","slug":"xs-szary-2","status":"publish","type":"product","link":"https:\/\/asbhp.pl\/?product=xs-szary-2","title":{"rendered":"XS Szary"},"content":{"rendered":"<ul>\n<li>damska bluza\n<li>dwuwarstwowa dzianina\n<li>bawe\u0142niana dres\u00f3wka z wierzchu\n<li>polar od spodu\n<li>kaptur regulowany gumk\u0105\n<li>elementy odblaskowe 3M Scotchlite\n<li>zamek YKK\n<li>listwa zabezpieczaj\u0105ca podbr\u00f3dek\n<li>2 kieszenie na r\u0119ce<\/ul>\n","protected":false},"excerpt":{"rendered":"<p>damska bluza dwuwarstwowa dzianina bawe\u0142niana dres\u00f3wka z wierzchu polar od spodu kaptur regulowany gumk\u0105 elementy odblaskowe 3M Scotchlite zamek YKK listwa zabezpieczaj\u0105ca podbr\u00f3dek 2 kieszenie na r\u0119ce<\/p>\n","protected":false},"featured_media":20824,"comment_status":"closed","ping_status":"open","template":"","meta":[],"product_brand":[483],"product_cat":[571,597,440],"product_tag":[],"class_list":{"0":"post-15071","1":"product","2":"type-product","3":"status-publish","4":"has-post-thumbnail","6":"product_brand-stalco-perfect","7":"product_cat-bluzy-robocze","8":"product_cat-bluzy-robocze-z-kapturem","9":"product_cat-odziez-robocza","10":"pa_kolor-szary","11":"pa_producent-stalco-perfect","12":"pa_rozmiar-2xl","13":"pa_rozmiar-l","14":"pa_rozmiar-m","15":"pa_rozmiar-s","16":"pa_rozmiar-xl","17":"pa_rozmiar-xs","18":"pa_waga-0-72","19":"pa_waga-0-75","20":"pa_waga-0-77","21":"pa_waga-0-82","22":"pa_waga-0-87","23":"pa_waga-0-9","25":"first","26":"instock","27":"shipping-taxable","28":"purchasable","29":"product-type-variable","30":"has-default-attributes"},"_links":{"self":[{"href":"https:\/\/asbhp.pl\/index.php?rest_route=\/wp\/v2\/product\/15071","targetHints":{"allow":["GET"]}}],"collection":[{"href":"https:\/\/asbhp.pl\/index.php?rest_route=\/wp\/v2\/product"}],"about":[{"href":"https:\/\/asbhp.pl\/index.php?rest_route=\/wp\/v2\/types\/product"}],"replies":[{"embeddable":true,"href":"https:\/\/asbhp.pl\/index.php?rest_route=%2Fwp%2Fv2%2Fcomments&post=15071"}],"wp:featuredmedia":[{"embeddable":true,"href":"https:\/\/asbhp.pl\/index.php?rest_route=\/wp\/v2\/media\/20824"}],"wp:attachment":[{"href":"https:\/\/asbhp.pl\/index.php?rest_route=%2Fwp%2Fv2%2Fmedia&parent=15071"}],"wp:term":[{"taxonomy":"product_brand","embeddable":true,"href":"https:\/\/asbhp.pl\/index.php?rest_route=%2Fwp%2Fv2%2Fproduct_brand&post=15071"},{"taxonomy":"product_cat","embeddable":true,"href":"https:\/\/asbhp.pl\/index.php?rest_route=%2Fwp%2Fv2%2Fproduct_cat&post=15071"},{"taxonomy":"product_tag","embeddable":true,"href":"https:\/\/asbhp.pl\/index.php?rest_route=%2Fwp%2Fv2%2Fproduct_tag&post=15071"}],"curies":[{"name":"wp","href":"https:\/\/api.w.org\/{rel}","templated":true}]}}