{"id":15194,"date":"2025-10-10T09:05:47","date_gmt":"2025-10-10T07:05:47","guid":{"rendered":"https:\/\/asbhp.pl\/produkt\/bluza-polarowa-damska-becky\/"},"modified":"2025-10-10T09:05:52","modified_gmt":"2025-10-10T07:05:52","slug":"xs-granatowy-2","status":"publish","type":"product","link":"https:\/\/asbhp.pl\/?product=xs-granatowy-2","title":{"rendered":"XS Granatowy"},"content":{"rendered":"<ul>\n<li>damski kr\u00f3j<\/li>\n<li>dziania polarowa<\/li>\n<li>w\u0142a\u015bciwo\u015bci termoizolacyjne<\/li>\n<li>zapinana na zamek kostkowy<\/li>\n<li>2 kieszenie w pasie na zamki kostkowe<\/li>\n<li>r\u0119kawy zako\u0144czone gumk\u0105<\/li>\n<li>gumka i stopery &#8211; regulacja w pasie<\/li>\n<li>szybkoschn\u0105ca<\/li>\n<li>idealna pod logowanie<\/li>\n<\/ul>\n","protected":false},"excerpt":{"rendered":"<p>damski kr\u00f3j dziania polarowa w\u0142a\u015bciwo\u015bci termoizolacyjne zapinana na zamek kostkowy 2 kieszenie w pasie na zamki kostkowe r\u0119kawy zako\u0144czone gumk\u0105 gumka i stopery &#8211; regulacja w pasie szybkoschn\u0105ca idealna pod logowanie<\/p>\n","protected":false},"featured_media":20829,"comment_status":"closed","ping_status":"open","template":"","meta":[],"product_brand":[416],"product_cat":[571,440,600],"product_tag":[],"class_list":{"0":"post-15194","1":"product","2":"type-product","3":"status-publish","4":"has-post-thumbnail","6":"product_brand-stalco","7":"product_cat-bluzy-robocze","8":"product_cat-odziez-robocza","9":"product_cat-polary","10":"pa_kolor-granatowy","11":"pa_producent-stalco","12":"pa_rozmiar-2xl","13":"pa_rozmiar-l","14":"pa_rozmiar-m","15":"pa_rozmiar-s","16":"pa_rozmiar-xl","17":"pa_rozmiar-xs","18":"pa_waga-0-42","19":"pa_waga-0-425","20":"pa_waga-0-44","21":"pa_waga-0-47","22":"pa_waga-0-485","23":"pa_waga-0-54","25":"first","26":"instock","27":"shipping-taxable","28":"purchasable","29":"product-type-variable","30":"has-default-attributes"},"_links":{"self":[{"href":"https:\/\/asbhp.pl\/index.php?rest_route=\/wp\/v2\/product\/15194","targetHints":{"allow":["GET"]}}],"collection":[{"href":"https:\/\/asbhp.pl\/index.php?rest_route=\/wp\/v2\/product"}],"about":[{"href":"https:\/\/asbhp.pl\/index.php?rest_route=\/wp\/v2\/types\/product"}],"replies":[{"embeddable":true,"href":"https:\/\/asbhp.pl\/index.php?rest_route=%2Fwp%2Fv2%2Fcomments&post=15194"}],"wp:featuredmedia":[{"embeddable":true,"href":"https:\/\/asbhp.pl\/index.php?rest_route=\/wp\/v2\/media\/20829"}],"wp:attachment":[{"href":"https:\/\/asbhp.pl\/index.php?rest_route=%2Fwp%2Fv2%2Fmedia&parent=15194"}],"wp:term":[{"taxonomy":"product_brand","embeddable":true,"href":"https:\/\/asbhp.pl\/index.php?rest_route=%2Fwp%2Fv2%2Fproduct_brand&post=15194"},{"taxonomy":"product_cat","embeddable":true,"href":"https:\/\/asbhp.pl\/index.php?rest_route=%2Fwp%2Fv2%2Fproduct_cat&post=15194"},{"taxonomy":"product_tag","embeddable":true,"href":"https:\/\/asbhp.pl\/index.php?rest_route=%2Fwp%2Fv2%2Fproduct_tag&post=15194"}],"curies":[{"name":"wp","href":"https:\/\/api.w.org\/{rel}","templated":true}]}}