{"id":15218,"date":"2025-10-10T09:05:47","date_gmt":"2025-10-10T07:05:47","guid":{"rendered":"https:\/\/asbhp.pl\/produkt\/bluza-polarowa-damska-navas-w\/"},"modified":"2025-10-10T09:05:52","modified_gmt":"2025-10-10T07:05:52","slug":"xs-blekitny","status":"publish","type":"product","link":"https:\/\/asbhp.pl\/?product=xs-blekitny","title":{"rendered":"XS B\u0142\u0119kitny"},"content":{"rendered":"<ul>\n<li>damski kr\u00f3j<\/li>\n<li>wysokiej jako\u015bci polar<\/li>\n<li>termoizolacja<\/li>\n<li>listwa zabezpieczaj\u0105ca podbr\u00f3dek<\/li>\n<li>r\u0119kaw zako\u0144czony elastyczn\u0105 tasiemk\u0105<\/li>\n<li>mocny zamek YKK z przodu<\/li>\n<li>1 kiesze\u0144 na piersi na zamek YKK<\/li>\n<li>2 kieszenie w pasie YKK<\/li>\n<li>gumka i stopery &#8211; regulacja w pasie<\/li>\n<\/ul>\n","protected":false},"excerpt":{"rendered":"<p>damski kr\u00f3j wysokiej jako\u015bci polar termoizolacja listwa zabezpieczaj\u0105ca podbr\u00f3dek r\u0119kaw zako\u0144czony elastyczn\u0105 tasiemk\u0105 mocny zamek YKK z przodu 1 kiesze\u0144 na piersi na zamek YKK 2 kieszenie w pasie YKK gumka i stopery &#8211; regulacja w pasie<\/p>\n","protected":false},"featured_media":20832,"comment_status":"closed","ping_status":"open","template":"","meta":[],"product_brand":[483],"product_cat":[571,440,600],"product_tag":[],"class_list":{"0":"post-15218","1":"product","2":"type-product","3":"status-publish","4":"has-post-thumbnail","6":"product_brand-stalco-perfect","7":"product_cat-bluzy-robocze","8":"product_cat-odziez-robocza","9":"product_cat-polary","10":"pa_kolor-blekitny","11":"pa_kolor-granatowy","12":"pa_kolor-rozowy","13":"pa_producent-stalco-perfect","14":"pa_rozmiar-2xl","15":"pa_rozmiar-l","16":"pa_rozmiar-m","17":"pa_rozmiar-s","18":"pa_rozmiar-xl","19":"pa_rozmiar-xs","20":"pa_waga-0-54","21":"pa_waga-0-55","22":"pa_waga-0-57","23":"pa_waga-0-58","24":"pa_waga-0-6","25":"pa_waga-0-61","26":"pa_waga-0-63","27":"pa_waga-0-65","28":"pa_waga-0-66","30":"first","31":"instock","32":"shipping-taxable","33":"purchasable","34":"product-type-variable","35":"has-default-attributes"},"_links":{"self":[{"href":"https:\/\/asbhp.pl\/index.php?rest_route=\/wp\/v2\/product\/15218","targetHints":{"allow":["GET"]}}],"collection":[{"href":"https:\/\/asbhp.pl\/index.php?rest_route=\/wp\/v2\/product"}],"about":[{"href":"https:\/\/asbhp.pl\/index.php?rest_route=\/wp\/v2\/types\/product"}],"replies":[{"embeddable":true,"href":"https:\/\/asbhp.pl\/index.php?rest_route=%2Fwp%2Fv2%2Fcomments&post=15218"}],"wp:featuredmedia":[{"embeddable":true,"href":"https:\/\/asbhp.pl\/index.php?rest_route=\/wp\/v2\/media\/20832"}],"wp:attachment":[{"href":"https:\/\/asbhp.pl\/index.php?rest_route=%2Fwp%2Fv2%2Fmedia&parent=15218"}],"wp:term":[{"taxonomy":"product_brand","embeddable":true,"href":"https:\/\/asbhp.pl\/index.php?rest_route=%2Fwp%2Fv2%2Fproduct_brand&post=15218"},{"taxonomy":"product_cat","embeddable":true,"href":"https:\/\/asbhp.pl\/index.php?rest_route=%2Fwp%2Fv2%2Fproduct_cat&post=15218"},{"taxonomy":"product_tag","embeddable":true,"href":"https:\/\/asbhp.pl\/index.php?rest_route=%2Fwp%2Fv2%2Fproduct_tag&post=15218"}],"curies":[{"name":"wp","href":"https:\/\/api.w.org\/{rel}","templated":true}]}}