{"id":1531,"date":"2019-09-24T20:46:30","date_gmt":"2019-09-24T18:46:30","guid":{"rendered":"http:\/\/www.asbhp.pl\/produkt\/r%c2%a2kawica-dziana-z-baweuny-biaua-z-obr%c2%84bkiem\/"},"modified":"2025-10-11T21:21:17","modified_gmt":"2025-10-11T19:21:17","slug":"r%c2%a2kawica-dziana-z-baweuny-biaua-z-obr%c2%84bkiem","status":"publish","type":"product","link":"https:\/\/asbhp.pl\/?product=r%c2%a2kawica-dziana-z-baweuny-biaua-z-obr%c2%84bkiem","title":{"rendered":"R\u0118KAWICA DZIANA Z BAWE\u0141NY, BIA\u0141A, Z OBR\u0104BKIEM"},"content":{"rendered":"","protected":false},"excerpt":{"rendered":"<p>R\u0118KAWICA DZIANA Z BAWE\u0141NY, BIA\u0141A, Z OBR\u0104BKIEM<\/p>\n","protected":false},"featured_media":1532,"comment_status":"closed","ping_status":"closed","template":"","meta":[],"product_brand":[],"product_cat":[97,424],"product_tag":[106],"class_list":{"0":"post-1531","1":"product","2":"type-product","3":"status-publish","4":"has-post-thumbnail","6":"product_cat-rekawice","7":"product_cat-rekawice-ochronne","8":"product_tag-deltaplus","10":"first","11":"instock","12":"purchasable","13":"product-type-simple"},"_links":{"self":[{"href":"https:\/\/asbhp.pl\/index.php?rest_route=\/wp\/v2\/product\/1531","targetHints":{"allow":["GET"]}}],"collection":[{"href":"https:\/\/asbhp.pl\/index.php?rest_route=\/wp\/v2\/product"}],"about":[{"href":"https:\/\/asbhp.pl\/index.php?rest_route=\/wp\/v2\/types\/product"}],"replies":[{"embeddable":true,"href":"https:\/\/asbhp.pl\/index.php?rest_route=%2Fwp%2Fv2%2Fcomments&post=1531"}],"wp:featuredmedia":[{"embeddable":true,"href":"https:\/\/asbhp.pl\/index.php?rest_route=\/wp\/v2\/media\/1532"}],"wp:attachment":[{"href":"https:\/\/asbhp.pl\/index.php?rest_route=%2Fwp%2Fv2%2Fmedia&parent=1531"}],"wp:term":[{"taxonomy":"product_brand","embeddable":true,"href":"https:\/\/asbhp.pl\/index.php?rest_route=%2Fwp%2Fv2%2Fproduct_brand&post=1531"},{"taxonomy":"product_cat","embeddable":true,"href":"https:\/\/asbhp.pl\/index.php?rest_route=%2Fwp%2Fv2%2Fproduct_cat&post=1531"},{"taxonomy":"product_tag","embeddable":true,"href":"https:\/\/asbhp.pl\/index.php?rest_route=%2Fwp%2Fv2%2Fproduct_tag&post=1531"}],"curies":[{"name":"wp","href":"https:\/\/api.w.org\/{rel}","templated":true}]}}