{"id":15355,"date":"2025-10-10T09:05:53","date_gmt":"2025-10-10T07:05:53","guid":{"rendered":"https:\/\/asbhp.pl\/produkt\/bluza-polarowa-meska-oxford\/"},"modified":"2025-10-10T09:06:04","modified_gmt":"2025-10-10T07:06:04","slug":"s-czarny-8","status":"publish","type":"product","link":"https:\/\/asbhp.pl\/?product=s-czarny-8","title":{"rendered":"S Czarny"},"content":{"rendered":"<ul>\n<li>wysokiej jako\u015bci polar<\/li>\n<li>liczne wzmocnienia z OXFORD z PU<\/li>\n<li>termoizolacja<\/li>\n<li>st\u00f3jka wzmocniona<\/li>\n<li>r\u0119kawy z otworem na kciuk<\/li>\n<li>elementy odblaskowe<\/li>\n<li>masywne, kostkowe zamki<\/li>\n<li>6 wielofunkcyjnych kieszeni<\/li>\n<li>w tym:<\/li>\n<li>kiesze\u0144 napoleo\u0144ska na zamek<\/li>\n<li>2 kieszenie w pasie na zamek<\/li>\n<li>podw\u00f3jna, wodoochronna kiesze\u0144 na rzep i zamek<\/li>\n<li>gumka i stopery &#8211; regulacja w pasie<\/li>\n<\/ul>\n","protected":false},"excerpt":{"rendered":"<p>wysokiej jako\u015bci polar liczne wzmocnienia z OXFORD z PU termoizolacja st\u00f3jka wzmocniona r\u0119kawy z otworem na kciuk elementy odblaskowe masywne, kostkowe zamki 6 wielofunkcyjnych kieszeni w tym: kiesze\u0144 napoleo\u0144ska na zamek 2 kieszenie w pasie na zamek podw\u00f3jna, wodoochronna kiesze\u0144 na rzep i zamek gumka i stopery &#8211; regulacja w pasie<\/p>\n","protected":false},"featured_media":20841,"comment_status":"closed","ping_status":"open","template":"","meta":[],"product_brand":[483],"product_cat":[571,440,600],"product_tag":[],"class_list":{"0":"post-15355","1":"product","2":"type-product","3":"status-publish","4":"has-post-thumbnail","6":"product_brand-stalco-perfect","7":"product_cat-bluzy-robocze","8":"product_cat-odziez-robocza","9":"product_cat-polary","10":"pa_kolor-czarny","11":"pa_producent-stalco-perfect","12":"pa_rozmiar-2xl","13":"pa_rozmiar-3xl","14":"pa_rozmiar-4xl","15":"pa_rozmiar-l","16":"pa_rozmiar-m","17":"pa_rozmiar-s","18":"pa_rozmiar-xl","19":"pa_waga-0-7","20":"pa_waga-0-78","21":"pa_waga-0-82","22":"pa_waga-0-85","23":"pa_waga-1-028","25":"first","26":"instock","27":"shipping-taxable","28":"purchasable","29":"product-type-variable","30":"has-default-attributes"},"_links":{"self":[{"href":"https:\/\/asbhp.pl\/index.php?rest_route=\/wp\/v2\/product\/15355","targetHints":{"allow":["GET"]}}],"collection":[{"href":"https:\/\/asbhp.pl\/index.php?rest_route=\/wp\/v2\/product"}],"about":[{"href":"https:\/\/asbhp.pl\/index.php?rest_route=\/wp\/v2\/types\/product"}],"replies":[{"embeddable":true,"href":"https:\/\/asbhp.pl\/index.php?rest_route=%2Fwp%2Fv2%2Fcomments&post=15355"}],"wp:featuredmedia":[{"embeddable":true,"href":"https:\/\/asbhp.pl\/index.php?rest_route=\/wp\/v2\/media\/20841"}],"wp:attachment":[{"href":"https:\/\/asbhp.pl\/index.php?rest_route=%2Fwp%2Fv2%2Fmedia&parent=15355"}],"wp:term":[{"taxonomy":"product_brand","embeddable":true,"href":"https:\/\/asbhp.pl\/index.php?rest_route=%2Fwp%2Fv2%2Fproduct_brand&post=15355"},{"taxonomy":"product_cat","embeddable":true,"href":"https:\/\/asbhp.pl\/index.php?rest_route=%2Fwp%2Fv2%2Fproduct_cat&post=15355"},{"taxonomy":"product_tag","embeddable":true,"href":"https:\/\/asbhp.pl\/index.php?rest_route=%2Fwp%2Fv2%2Fproduct_tag&post=15355"}],"curies":[{"name":"wp","href":"https:\/\/api.w.org\/{rel}","templated":true}]}}