{"id":15383,"date":"2025-10-10T09:05:53","date_gmt":"2025-10-10T07:05:53","guid":{"rendered":"https:\/\/asbhp.pl\/produkt\/bluza-polarowa-meska-stanmore\/"},"modified":"2025-10-10T09:06:04","modified_gmt":"2025-10-10T07:06:04","slug":"s-szary-18","status":"publish","type":"product","link":"https:\/\/asbhp.pl\/?product=s-szary-18","title":{"rendered":"S Szary"},"content":{"rendered":"<ul>\n<li>wysokie w\u0142a\u015bciwo\u015bci termoizolacyjne\n<li>odporno\u015b\u0107 na gniecenie i mechacenie\n<li>na ramionach i \u0142okciach wzmocnienia z wodoodpornej i bardzo wytrzyma\u0142ej tkaniny\n<li>szybkoschn\u0105ca i \u0142atwa w konserwacji dzianina<\/ul>\n","protected":false},"excerpt":{"rendered":"<p>wysokie w\u0142a\u015bciwo\u015bci termoizolacyjne odporno\u015b\u0107 na gniecenie i mechacenie na ramionach i \u0142okciach wzmocnienia z wodoodpornej i bardzo wytrzyma\u0142ej tkaniny szybkoschn\u0105ca i \u0142atwa w konserwacji dzianina<\/p>\n","protected":false},"featured_media":20847,"comment_status":"closed","ping_status":"open","template":"","meta":[],"product_brand":[483],"product_cat":[571,440,600],"product_tag":[],"class_list":{"0":"post-15383","1":"product","2":"type-product","3":"status-publish","4":"has-post-thumbnail","6":"product_brand-stalco-perfect","7":"product_cat-bluzy-robocze","8":"product_cat-odziez-robocza","9":"product_cat-polary","10":"pa_kolor-czarny","11":"pa_kolor-granatowy","12":"pa_kolor-szary","13":"pa_producent-stalco-perfect","14":"pa_rozmiar-2xl","15":"pa_rozmiar-3xl","16":"pa_rozmiar-l","17":"pa_rozmiar-m","18":"pa_rozmiar-s","19":"pa_rozmiar-xl","20":"pa_waga-0-8","21":"pa_waga-0-83","22":"pa_waga-0-84","23":"pa_waga-0-85","24":"pa_waga-0-86","25":"pa_waga-0-9","26":"pa_waga-0-95","27":"pa_waga-0-98","28":"pa_waga-467","29":"pa_waga-1-03","30":"pa_waga-1-05","31":"pa_waga-1-06","32":"pa_waga-1-08","34":"first","35":"instock","36":"shipping-taxable","37":"purchasable","38":"product-type-variable","39":"has-default-attributes"},"_links":{"self":[{"href":"https:\/\/asbhp.pl\/index.php?rest_route=\/wp\/v2\/product\/15383","targetHints":{"allow":["GET"]}}],"collection":[{"href":"https:\/\/asbhp.pl\/index.php?rest_route=\/wp\/v2\/product"}],"about":[{"href":"https:\/\/asbhp.pl\/index.php?rest_route=\/wp\/v2\/types\/product"}],"replies":[{"embeddable":true,"href":"https:\/\/asbhp.pl\/index.php?rest_route=%2Fwp%2Fv2%2Fcomments&post=15383"}],"wp:featuredmedia":[{"embeddable":true,"href":"https:\/\/asbhp.pl\/index.php?rest_route=\/wp\/v2\/media\/20847"}],"wp:attachment":[{"href":"https:\/\/asbhp.pl\/index.php?rest_route=%2Fwp%2Fv2%2Fmedia&parent=15383"}],"wp:term":[{"taxonomy":"product_brand","embeddable":true,"href":"https:\/\/asbhp.pl\/index.php?rest_route=%2Fwp%2Fv2%2Fproduct_brand&post=15383"},{"taxonomy":"product_cat","embeddable":true,"href":"https:\/\/asbhp.pl\/index.php?rest_route=%2Fwp%2Fv2%2Fproduct_cat&post=15383"},{"taxonomy":"product_tag","embeddable":true,"href":"https:\/\/asbhp.pl\/index.php?rest_route=%2Fwp%2Fv2%2Fproduct_tag&post=15383"}],"curies":[{"name":"wp","href":"https:\/\/api.w.org\/{rel}","templated":true}]}}