{"id":15427,"date":"2025-10-10T09:05:53","date_gmt":"2025-10-10T07:05:53","guid":{"rendered":"https:\/\/asbhp.pl\/produkt\/koszula-flanelowa-square\/"},"modified":"2025-10-10T09:06:10","modified_gmt":"2025-10-10T07:06:10","slug":"s-czerwony","status":"publish","type":"product","link":"https:\/\/asbhp.pl\/?product=s-czerwony","title":{"rendered":"S Czerwony"},"content":{"rendered":"<ul>\n<li>klasyczny kr\u00f3j koszuli<\/li>\n<li>flanela, szczotkowana tkanina bawe\u0142niana<\/li>\n<li>klasyczny wz\u00f3r w krat\u0119<\/li>\n<li>ko\u0142nierzyk usztywniany ze st\u00f3jk\u0105<\/li>\n<li>d\u0142ugie r\u0119kawy<\/li>\n<li>usztywniane mankiety<\/li>\n<li>zapinana na guziki z tworzywa<\/li>\n<li>kieszonka na klatce piersiowej<\/li>\n<li>dost\u0119pna w 3 wersjach kolorystycznych<\/li>\n<\/ul>\n","protected":false},"excerpt":{"rendered":"<p>klasyczny kr\u00f3j koszuli flanela, szczotkowana tkanina bawe\u0142niana klasyczny wz\u00f3r w krat\u0119 ko\u0142nierzyk usztywniany ze st\u00f3jk\u0105 d\u0142ugie r\u0119kawy usztywniane mankiety zapinana na guziki z tworzywa kieszonka na klatce piersiowej dost\u0119pna w 3 wersjach kolorystycznych<\/p>\n","protected":false},"featured_media":20901,"comment_status":"closed","ping_status":"open","template":"","meta":[],"product_brand":[416],"product_cat":[623,440],"product_tag":[],"class_list":{"0":"post-15427","1":"product","2":"type-product","3":"status-publish","4":"has-post-thumbnail","6":"product_brand-stalco","7":"product_cat-koszule-robocze-flanelowe","8":"product_cat-odziez-robocza","9":"pa_kolor-czerwony","10":"pa_kolor-niebieski","11":"pa_kolor-szary","12":"pa_producent-stalco","13":"pa_rozmiar-2xl","14":"pa_rozmiar-3xl","15":"pa_rozmiar-l","16":"pa_rozmiar-m","17":"pa_rozmiar-s","18":"pa_rozmiar-xl","19":"pa_waga-0-28","20":"pa_waga-0-31","21":"pa_waga-0-314","22":"pa_waga-0-32","24":"first","25":"instock","26":"shipping-taxable","27":"purchasable","28":"product-type-variable","29":"has-default-attributes"},"_links":{"self":[{"href":"https:\/\/asbhp.pl\/index.php?rest_route=\/wp\/v2\/product\/15427","targetHints":{"allow":["GET"]}}],"collection":[{"href":"https:\/\/asbhp.pl\/index.php?rest_route=\/wp\/v2\/product"}],"about":[{"href":"https:\/\/asbhp.pl\/index.php?rest_route=\/wp\/v2\/types\/product"}],"replies":[{"embeddable":true,"href":"https:\/\/asbhp.pl\/index.php?rest_route=%2Fwp%2Fv2%2Fcomments&post=15427"}],"wp:featuredmedia":[{"embeddable":true,"href":"https:\/\/asbhp.pl\/index.php?rest_route=\/wp\/v2\/media\/20901"}],"wp:attachment":[{"href":"https:\/\/asbhp.pl\/index.php?rest_route=%2Fwp%2Fv2%2Fmedia&parent=15427"}],"wp:term":[{"taxonomy":"product_brand","embeddable":true,"href":"https:\/\/asbhp.pl\/index.php?rest_route=%2Fwp%2Fv2%2Fproduct_brand&post=15427"},{"taxonomy":"product_cat","embeddable":true,"href":"https:\/\/asbhp.pl\/index.php?rest_route=%2Fwp%2Fv2%2Fproduct_cat&post=15427"},{"taxonomy":"product_tag","embeddable":true,"href":"https:\/\/asbhp.pl\/index.php?rest_route=%2Fwp%2Fv2%2Fproduct_tag&post=15427"}],"curies":[{"name":"wp","href":"https:\/\/api.w.org\/{rel}","templated":true}]}}