{"id":15509,"date":"2025-10-10T09:06:04","date_gmt":"2025-10-10T07:06:04","guid":{"rendered":"https:\/\/asbhp.pl\/produkt\/t-shirt-meski-bono\/"},"modified":"2025-10-10T09:06:10","modified_gmt":"2025-10-10T07:06:10","slug":"s-bialy-7","status":"publish","type":"product","link":"https:\/\/asbhp.pl\/?product=s-bialy-7","title":{"rendered":"S Bia\u0142y"},"content":{"rendered":"<ul>\n<li>naturalna dzianina bawe\u0142niana<\/li>\n<li>dzianina jedno\u0142o\u017cyskowa &#8211; single jersey<\/li>\n<li>klasyczny kr\u00f3j z kr\u00f3tkim r\u0119kawem<\/li>\n<li>dost\u0119pne w 6 kolorach<\/li>\n<li>mo\u017cliwo\u015b\u0107 personalizacji \u2013 nadruk, haft<\/li>\n<\/ul>\n","protected":false},"excerpt":{"rendered":"<p>naturalna dzianina bawe\u0142niana dzianina jedno\u0142o\u017cyskowa &#8211; single jersey klasyczny kr\u00f3j z kr\u00f3tkim r\u0119kawem dost\u0119pne w 6 kolorach mo\u017cliwo\u015b\u0107 personalizacji \u2013 nadruk, haft<\/p>\n","protected":false},"featured_media":20925,"comment_status":"closed","ping_status":"open","template":"","meta":[],"product_brand":[416],"product_cat":[629,440,630],"product_tag":[],"class_list":{"0":"post-15509","1":"product","2":"type-product","3":"status-publish","4":"has-post-thumbnail","6":"product_brand-stalco","7":"product_cat-koszulki-2","8":"product_cat-odziez-robocza","9":"product_cat-t-shirty","10":"pa_kolor-bialy","11":"pa_kolor-czarny","12":"pa_kolor-czerwony","13":"pa_kolor-granatowy","14":"pa_kolor-niebieski","15":"pa_kolor-szary","16":"pa_producent-stalco","17":"pa_rozmiar-2xl","18":"pa_rozmiar-3xl","19":"pa_rozmiar-l","20":"pa_rozmiar-m","21":"pa_rozmiar-s","22":"pa_rozmiar-xl","23":"pa_waga-0-158","24":"pa_waga-0-16","25":"pa_waga-0-166","26":"pa_waga-0-168","27":"pa_waga-0-17","28":"pa_waga-0-172","29":"pa_waga-0-18","30":"pa_waga-0-182","31":"pa_waga-0-184","32":"pa_waga-0-186","33":"pa_waga-0-19","34":"pa_waga-0-192","35":"pa_waga-0-194","36":"pa_waga-0-196","37":"pa_waga-0-2","38":"pa_waga-0-204","39":"pa_waga-0-208","40":"pa_waga-0-21","41":"pa_waga-0-214","42":"pa_waga-0-216","43":"pa_waga-0-218","44":"pa_waga-0-22","45":"pa_waga-0-224","47":"first","48":"instock","49":"shipping-taxable","50":"purchasable","51":"product-type-variable","52":"has-default-attributes"},"_links":{"self":[{"href":"https:\/\/asbhp.pl\/index.php?rest_route=\/wp\/v2\/product\/15509","targetHints":{"allow":["GET"]}}],"collection":[{"href":"https:\/\/asbhp.pl\/index.php?rest_route=\/wp\/v2\/product"}],"about":[{"href":"https:\/\/asbhp.pl\/index.php?rest_route=\/wp\/v2\/types\/product"}],"replies":[{"embeddable":true,"href":"https:\/\/asbhp.pl\/index.php?rest_route=%2Fwp%2Fv2%2Fcomments&post=15509"}],"wp:featuredmedia":[{"embeddable":true,"href":"https:\/\/asbhp.pl\/index.php?rest_route=\/wp\/v2\/media\/20925"}],"wp:attachment":[{"href":"https:\/\/asbhp.pl\/index.php?rest_route=%2Fwp%2Fv2%2Fmedia&parent=15509"}],"wp:term":[{"taxonomy":"product_brand","embeddable":true,"href":"https:\/\/asbhp.pl\/index.php?rest_route=%2Fwp%2Fv2%2Fproduct_brand&post=15509"},{"taxonomy":"product_cat","embeddable":true,"href":"https:\/\/asbhp.pl\/index.php?rest_route=%2Fwp%2Fv2%2Fproduct_cat&post=15509"},{"taxonomy":"product_tag","embeddable":true,"href":"https:\/\/asbhp.pl\/index.php?rest_route=%2Fwp%2Fv2%2Fproduct_tag&post=15509"}],"curies":[{"name":"wp","href":"https:\/\/api.w.org\/{rel}","templated":true}]}}