{"id":15537,"date":"2025-10-10T09:06:04","date_gmt":"2025-10-10T07:06:04","guid":{"rendered":"https:\/\/asbhp.pl\/produkt\/koszula-flanelowa-square-2\/"},"modified":"2025-10-10T09:06:10","modified_gmt":"2025-10-10T07:06:10","slug":"m-zielony-2","status":"publish","type":"product","link":"https:\/\/asbhp.pl\/?product=m-zielony-2","title":{"rendered":"M Zielony"},"content":{"rendered":"<ul>\n<li>polski produkt najwy\u017cszej jako\u015bci<\/li>\n<li>naturalnie oddychaj\u0105ca flanela bawe\u0142niana o mocnym splocie<\/li>\n<li>przyjemny dla sk\u00f3ry meszek zapewnia podwy\u017cszon\u0105 termoizolacj\u0119<\/li>\n<li>klasyczny koszulowy kr\u00f3j<\/li>\n<li>naszywana kiesze\u0144<\/li>\n<li>idealna r\u00f3wnie\u017c do u\u017cytku codziennego<\/li>\n<\/ul>\n","protected":false},"excerpt":{"rendered":"<p>polski produkt najwy\u017cszej jako\u015bci naturalnie oddychaj\u0105ca flanela bawe\u0142niana o mocnym splocie przyjemny dla sk\u00f3ry meszek zapewnia podwy\u017cszon\u0105 termoizolacj\u0119 klasyczny koszulowy kr\u00f3j naszywana kiesze\u0144 idealna r\u00f3wnie\u017c do u\u017cytku codziennego<\/p>\n","protected":false},"featured_media":20933,"comment_status":"closed","ping_status":"open","template":"","meta":[],"product_brand":[416],"product_cat":[623,440],"product_tag":[],"class_list":{"0":"post-15537","1":"product","2":"type-product","3":"status-publish","4":"has-post-thumbnail","6":"product_brand-stalco","7":"product_cat-koszule-robocze-flanelowe","8":"product_cat-odziez-robocza","9":"pa_kolor-zielony","10":"pa_producent-stalco","11":"pa_rozmiar-2xl","12":"pa_rozmiar-3xl","13":"pa_rozmiar-l","14":"pa_rozmiar-m","15":"pa_rozmiar-xl","16":"pa_waga-0-28","17":"pa_waga-0-31","18":"pa_waga-0-314","19":"pa_waga-0-32","21":"first","22":"instock","23":"shipping-taxable","24":"purchasable","25":"product-type-variable","26":"has-default-attributes"},"_links":{"self":[{"href":"https:\/\/asbhp.pl\/index.php?rest_route=\/wp\/v2\/product\/15537","targetHints":{"allow":["GET"]}}],"collection":[{"href":"https:\/\/asbhp.pl\/index.php?rest_route=\/wp\/v2\/product"}],"about":[{"href":"https:\/\/asbhp.pl\/index.php?rest_route=\/wp\/v2\/types\/product"}],"replies":[{"embeddable":true,"href":"https:\/\/asbhp.pl\/index.php?rest_route=%2Fwp%2Fv2%2Fcomments&post=15537"}],"wp:featuredmedia":[{"embeddable":true,"href":"https:\/\/asbhp.pl\/index.php?rest_route=\/wp\/v2\/media\/20933"}],"wp:attachment":[{"href":"https:\/\/asbhp.pl\/index.php?rest_route=%2Fwp%2Fv2%2Fmedia&parent=15537"}],"wp:term":[{"taxonomy":"product_brand","embeddable":true,"href":"https:\/\/asbhp.pl\/index.php?rest_route=%2Fwp%2Fv2%2Fproduct_brand&post=15537"},{"taxonomy":"product_cat","embeddable":true,"href":"https:\/\/asbhp.pl\/index.php?rest_route=%2Fwp%2Fv2%2Fproduct_cat&post=15537"},{"taxonomy":"product_tag","embeddable":true,"href":"https:\/\/asbhp.pl\/index.php?rest_route=%2Fwp%2Fv2%2Fproduct_tag&post=15537"}],"curies":[{"name":"wp","href":"https:\/\/api.w.org\/{rel}","templated":true}]}}