{"id":15631,"date":"2025-10-10T09:06:10","date_gmt":"2025-10-10T07:06:10","guid":{"rendered":"https:\/\/asbhp.pl\/produkt\/t-shirt-damski-lucky-w\/"},"modified":"2025-10-10T09:06:18","modified_gmt":"2025-10-10T07:06:18","slug":"xs-bialy","status":"publish","type":"product","link":"https:\/\/asbhp.pl\/?product=xs-bialy","title":{"rendered":"XS Bia\u0142y"},"content":{"rendered":"<ul>\n<li>wysokogatunkowa, elastyczna dzianina bawe\u0142niana<\/li>\n<li>klasyczny kr\u00f3j z kr\u00f3tkim r\u0119kawem<\/li>\n<li>dopasowana do damskiej sylwetki<\/li>\n<li>mo\u017cliwo\u015b\u0107 personalizacji \u2013 nadruk, haft<\/li>\n<li>dost\u0119pna w 3 kolorach<\/li>\n<\/ul>\n","protected":false},"excerpt":{"rendered":"<p>wysokogatunkowa, elastyczna dzianina bawe\u0142niana klasyczny kr\u00f3j z kr\u00f3tkim r\u0119kawem dopasowana do damskiej sylwetki mo\u017cliwo\u015b\u0107 personalizacji \u2013 nadruk, haft dost\u0119pna w 3 kolorach<\/p>\n","protected":false},"featured_media":20937,"comment_status":"closed","ping_status":"open","template":"","meta":[],"product_brand":[483],"product_cat":[629,440,630],"product_tag":[],"class_list":{"0":"post-15631","1":"product","2":"type-product","3":"status-publish","4":"has-post-thumbnail","6":"product_brand-stalco-perfect","7":"product_cat-koszulki-2","8":"product_cat-odziez-robocza","9":"product_cat-t-shirty","10":"pa_kolor-bialy","11":"pa_kolor-czarny","12":"pa_kolor-szary","13":"pa_producent-stalco-perfect","14":"pa_rozmiar-l","15":"pa_rozmiar-m","16":"pa_rozmiar-s","17":"pa_rozmiar-xl","18":"pa_rozmiar-xs","19":"pa_waga-0-11","20":"pa_waga-0-12","21":"pa_waga-0-125","22":"pa_waga-0-13","23":"pa_waga-0-14","24":"pa_waga-0-15","25":"pa_waga-0-152","27":"first","28":"instock","29":"shipping-taxable","30":"purchasable","31":"product-type-variable","32":"has-default-attributes"},"_links":{"self":[{"href":"https:\/\/asbhp.pl\/index.php?rest_route=\/wp\/v2\/product\/15631","targetHints":{"allow":["GET"]}}],"collection":[{"href":"https:\/\/asbhp.pl\/index.php?rest_route=\/wp\/v2\/product"}],"about":[{"href":"https:\/\/asbhp.pl\/index.php?rest_route=\/wp\/v2\/types\/product"}],"replies":[{"embeddable":true,"href":"https:\/\/asbhp.pl\/index.php?rest_route=%2Fwp%2Fv2%2Fcomments&post=15631"}],"wp:featuredmedia":[{"embeddable":true,"href":"https:\/\/asbhp.pl\/index.php?rest_route=\/wp\/v2\/media\/20937"}],"wp:attachment":[{"href":"https:\/\/asbhp.pl\/index.php?rest_route=%2Fwp%2Fv2%2Fmedia&parent=15631"}],"wp:term":[{"taxonomy":"product_brand","embeddable":true,"href":"https:\/\/asbhp.pl\/index.php?rest_route=%2Fwp%2Fv2%2Fproduct_brand&post=15631"},{"taxonomy":"product_cat","embeddable":true,"href":"https:\/\/asbhp.pl\/index.php?rest_route=%2Fwp%2Fv2%2Fproduct_cat&post=15631"},{"taxonomy":"product_tag","embeddable":true,"href":"https:\/\/asbhp.pl\/index.php?rest_route=%2Fwp%2Fv2%2Fproduct_tag&post=15631"}],"curies":[{"name":"wp","href":"https:\/\/api.w.org\/{rel}","templated":true}]}}