{"id":15787,"date":"2025-10-10T09:06:10","date_gmt":"2025-10-10T07:06:10","guid":{"rendered":"https:\/\/asbhp.pl\/produkt\/t-shirt-meski-runny-m\/"},"modified":"2025-10-10T09:06:18","modified_gmt":"2025-10-10T07:06:18","slug":"s-bialy-9","status":"publish","type":"product","link":"https:\/\/asbhp.pl\/?product=s-bialy-9","title":{"rendered":"S Bia\u0142y"},"content":{"rendered":"<ul>\n<li>sportowy t-shirt o ponadczasowym kroju\n<li>syntetyczne w\u0142\u00f3kno doskonale sprawdzaj\u0105ce si\u0119 w odzie\u017cy dla sportowc\u00f3w zapewnia komfort u\u017cytkowania<\/ul>\n","protected":false},"excerpt":{"rendered":"<p>sportowy t-shirt o ponadczasowym kroju syntetyczne w\u0142\u00f3kno doskonale sprawdzaj\u0105ce si\u0119 w odzie\u017cy dla sportowc\u00f3w zapewnia komfort u\u017cytkowania<\/p>\n","protected":false},"featured_media":20952,"comment_status":"closed","ping_status":"open","template":"","meta":[],"product_brand":[483],"product_cat":[629,440,630],"product_tag":[],"class_list":{"0":"post-15787","1":"product","2":"type-product","3":"status-publish","4":"has-post-thumbnail","6":"product_brand-stalco-perfect","7":"product_cat-koszulki-2","8":"product_cat-odziez-robocza","9":"product_cat-t-shirty","10":"pa_kolor-bialy","11":"pa_kolor-szary","12":"pa_kolor-zielony","13":"pa_producent-stalco-perfect","14":"pa_rozmiar-2xl","15":"pa_rozmiar-l","16":"pa_rozmiar-m","17":"pa_rozmiar-s","18":"pa_rozmiar-xl","19":"pa_waga-0-11","20":"pa_waga-0-12","21":"pa_waga-0-125","22":"pa_waga-0-13","23":"pa_waga-0-135","24":"pa_waga-0-144","25":"pa_waga-0-145","26":"pa_waga-0-179","28":"first","29":"instock","30":"shipping-taxable","31":"purchasable","32":"product-type-variable","33":"has-default-attributes"},"_links":{"self":[{"href":"https:\/\/asbhp.pl\/index.php?rest_route=\/wp\/v2\/product\/15787","targetHints":{"allow":["GET"]}}],"collection":[{"href":"https:\/\/asbhp.pl\/index.php?rest_route=\/wp\/v2\/product"}],"about":[{"href":"https:\/\/asbhp.pl\/index.php?rest_route=\/wp\/v2\/types\/product"}],"replies":[{"embeddable":true,"href":"https:\/\/asbhp.pl\/index.php?rest_route=%2Fwp%2Fv2%2Fcomments&post=15787"}],"wp:featuredmedia":[{"embeddable":true,"href":"https:\/\/asbhp.pl\/index.php?rest_route=\/wp\/v2\/media\/20952"}],"wp:attachment":[{"href":"https:\/\/asbhp.pl\/index.php?rest_route=%2Fwp%2Fv2%2Fmedia&parent=15787"}],"wp:term":[{"taxonomy":"product_brand","embeddable":true,"href":"https:\/\/asbhp.pl\/index.php?rest_route=%2Fwp%2Fv2%2Fproduct_brand&post=15787"},{"taxonomy":"product_cat","embeddable":true,"href":"https:\/\/asbhp.pl\/index.php?rest_route=%2Fwp%2Fv2%2Fproduct_cat&post=15787"},{"taxonomy":"product_tag","embeddable":true,"href":"https:\/\/asbhp.pl\/index.php?rest_route=%2Fwp%2Fv2%2Fproduct_tag&post=15787"}],"curies":[{"name":"wp","href":"https:\/\/api.w.org\/{rel}","templated":true}]}}