{"id":15889,"date":"2025-10-10T09:06:19","date_gmt":"2025-10-10T07:06:19","guid":{"rendered":"https:\/\/asbhp.pl\/produkt\/t-shirt-damski-runny-w\/"},"modified":"2025-10-10T09:06:23","modified_gmt":"2025-10-10T07:06:23","slug":"xs-bialy-2","status":"publish","type":"product","link":"https:\/\/asbhp.pl\/?product=xs-bialy-2","title":{"rendered":"XS Bia\u0142y"},"content":{"rendered":"<ul>\n<li>sportowy t-shirt o ponadczasowym kroju\n<li>syntetyczne w\u0142\u00f3kno doskonale sprawdzaj\u0105ce si\u0119 w odzie\u017cy dla sportowc\u00f3w zapewnia komfort u\u017cytkowania<\/ul>\n","protected":false},"excerpt":{"rendered":"<p>sportowy t-shirt o ponadczasowym kroju syntetyczne w\u0142\u00f3kno doskonale sprawdzaj\u0105ce si\u0119 w odzie\u017cy dla sportowc\u00f3w zapewnia komfort u\u017cytkowania<\/p>\n","protected":false},"featured_media":20997,"comment_status":"closed","ping_status":"open","template":"","meta":[],"product_brand":[483],"product_cat":[629,440,630],"product_tag":[],"class_list":{"0":"post-15889","1":"product","2":"type-product","3":"status-publish","4":"has-post-thumbnail","6":"product_brand-stalco-perfect","7":"product_cat-koszulki-2","8":"product_cat-odziez-robocza","9":"product_cat-t-shirty","10":"pa_kolor-bialy","11":"pa_kolor-szary","12":"pa_kolor-zielony","13":"pa_producent-stalco-perfect","14":"pa_rozmiar-l","15":"pa_rozmiar-m","16":"pa_rozmiar-s","17":"pa_rozmiar-xl","18":"pa_rozmiar-xs","19":"pa_waga-0-085","20":"pa_waga-0-09","21":"pa_waga-0-095","22":"pa_waga-0-1","23":"pa_waga-0-105","24":"pa_waga-0-11","25":"pa_waga-0-115","27":"first","28":"instock","29":"shipping-taxable","30":"purchasable","31":"product-type-variable","32":"has-default-attributes"},"_links":{"self":[{"href":"https:\/\/asbhp.pl\/index.php?rest_route=\/wp\/v2\/product\/15889","targetHints":{"allow":["GET"]}}],"collection":[{"href":"https:\/\/asbhp.pl\/index.php?rest_route=\/wp\/v2\/product"}],"about":[{"href":"https:\/\/asbhp.pl\/index.php?rest_route=\/wp\/v2\/types\/product"}],"replies":[{"embeddable":true,"href":"https:\/\/asbhp.pl\/index.php?rest_route=%2Fwp%2Fv2%2Fcomments&post=15889"}],"wp:featuredmedia":[{"embeddable":true,"href":"https:\/\/asbhp.pl\/index.php?rest_route=\/wp\/v2\/media\/20997"}],"wp:attachment":[{"href":"https:\/\/asbhp.pl\/index.php?rest_route=%2Fwp%2Fv2%2Fmedia&parent=15889"}],"wp:term":[{"taxonomy":"product_brand","embeddable":true,"href":"https:\/\/asbhp.pl\/index.php?rest_route=%2Fwp%2Fv2%2Fproduct_brand&post=15889"},{"taxonomy":"product_cat","embeddable":true,"href":"https:\/\/asbhp.pl\/index.php?rest_route=%2Fwp%2Fv2%2Fproduct_cat&post=15889"},{"taxonomy":"product_tag","embeddable":true,"href":"https:\/\/asbhp.pl\/index.php?rest_route=%2Fwp%2Fv2%2Fproduct_tag&post=15889"}],"curies":[{"name":"wp","href":"https:\/\/api.w.org\/{rel}","templated":true}]}}