{"id":15975,"date":"2025-10-10T09:06:19","date_gmt":"2025-10-10T07:06:19","guid":{"rendered":"https:\/\/asbhp.pl\/produkt\/koszulka-polo-damska-nature-w\/"},"modified":"2025-10-10T09:06:32","modified_gmt":"2025-10-10T07:06:32","slug":"xs-bialy-3","status":"publish","type":"product","link":"https:\/\/asbhp.pl\/?product=xs-bialy-3","title":{"rendered":"XS Bia\u0142y"},"content":{"rendered":"<ul>\n<li>klasyczne damskie polo<\/li>\n<li>dzianina bawe\u0142niana o splocie PIQUE<\/li>\n<li>\u015bci\u0105gacze na r\u0119kawach<\/li>\n<li>ko\u0142nierzyk<\/li>\n<li>3 guziki<\/li>\n<li>dost\u0119pna w 2 kolorach<\/li>\n<li>personalizacja\u2013 nadruk, haft<\/li>\n<\/ul>\n","protected":false},"excerpt":{"rendered":"<p>klasyczne damskie polo dzianina bawe\u0142niana o splocie PIQUE \u015bci\u0105gacze na r\u0119kawach ko\u0142nierzyk 3 guziki dost\u0119pna w 2 kolorach personalizacja\u2013 nadruk, haft<\/p>\n","protected":false},"featured_media":21005,"comment_status":"closed","ping_status":"open","template":"","meta":[],"product_brand":[483],"product_cat":[629,440,670],"product_tag":[],"class_list":{"0":"post-15975","1":"product","2":"type-product","3":"status-publish","4":"has-post-thumbnail","6":"product_brand-stalco-perfect","7":"product_cat-koszulki-2","8":"product_cat-odziez-robocza","9":"product_cat-polo","10":"pa_kolor-bialy","11":"pa_kolor-czarny","12":"pa_producent-stalco-perfect","13":"pa_rozmiar-l","14":"pa_rozmiar-m","15":"pa_rozmiar-s","16":"pa_rozmiar-xl","17":"pa_rozmiar-xs","18":"pa_waga-0-175","19":"pa_waga-0-185","20":"pa_waga-0-19","21":"pa_waga-0-195","22":"pa_waga-0-2","23":"pa_waga-0-215","25":"first","26":"instock","27":"shipping-taxable","28":"purchasable","29":"product-type-variable","30":"has-default-attributes"},"_links":{"self":[{"href":"https:\/\/asbhp.pl\/index.php?rest_route=\/wp\/v2\/product\/15975","targetHints":{"allow":["GET"]}}],"collection":[{"href":"https:\/\/asbhp.pl\/index.php?rest_route=\/wp\/v2\/product"}],"about":[{"href":"https:\/\/asbhp.pl\/index.php?rest_route=\/wp\/v2\/types\/product"}],"replies":[{"embeddable":true,"href":"https:\/\/asbhp.pl\/index.php?rest_route=%2Fwp%2Fv2%2Fcomments&post=15975"}],"wp:featuredmedia":[{"embeddable":true,"href":"https:\/\/asbhp.pl\/index.php?rest_route=\/wp\/v2\/media\/21005"}],"wp:attachment":[{"href":"https:\/\/asbhp.pl\/index.php?rest_route=%2Fwp%2Fv2%2Fmedia&parent=15975"}],"wp:term":[{"taxonomy":"product_brand","embeddable":true,"href":"https:\/\/asbhp.pl\/index.php?rest_route=%2Fwp%2Fv2%2Fproduct_brand&post=15975"},{"taxonomy":"product_cat","embeddable":true,"href":"https:\/\/asbhp.pl\/index.php?rest_route=%2Fwp%2Fv2%2Fproduct_cat&post=15975"},{"taxonomy":"product_tag","embeddable":true,"href":"https:\/\/asbhp.pl\/index.php?rest_route=%2Fwp%2Fv2%2Fproduct_tag&post=15975"}],"curies":[{"name":"wp","href":"https:\/\/api.w.org\/{rel}","templated":true}]}}