{"id":16047,"date":"2025-10-10T09:06:23","date_gmt":"2025-10-10T07:06:23","guid":{"rendered":"https:\/\/asbhp.pl\/produkt\/kurtka-robocza-ocieplana-meska-peter\/"},"modified":"2025-10-10T09:06:32","modified_gmt":"2025-10-10T07:06:32","slug":"s-grafitowy-2","status":"publish","type":"product","link":"https:\/\/asbhp.pl\/?product=s-grafitowy-2","title":{"rendered":"S Grafitowy"},"content":{"rendered":"<ul>\n<li>materia\u0142 OXFORD 600D<\/li>\n<li>laminowany od spodu materia\u0142<\/li>\n<li>kurtka ocieplana<\/li>\n<li>wyd\u0142u\u017cany ty\u0142<\/li>\n<li>wewn\u0119trzny pas przeciwwietrzny<\/li>\n<li>rygle wzmacniaj\u0105ce szwy<\/li>\n<li>odpinany, regulowany kaptur<\/li>\n<li>ukryte elastyczne mankiety<\/li>\n<li>odpinane r\u0119kawy<\/li>\n<li>elementy odblaskowe<\/li>\n<li>masywny, kostkowy zamek z przodu zabezpieczony listw\u0105<\/li>\n<li>5 kieszeni<\/li>\n<\/ul>\n","protected":false},"excerpt":{"rendered":"<p>materia\u0142 OXFORD 600D laminowany od spodu materia\u0142 kurtka ocieplana wyd\u0142u\u017cany ty\u0142 wewn\u0119trzny pas przeciwwietrzny rygle wzmacniaj\u0105ce szwy odpinany, regulowany kaptur ukryte elastyczne mankiety odpinane r\u0119kawy elementy odblaskowe masywny, kostkowy zamek z przodu zabezpieczony listw\u0105 5 kieszeni<\/p>\n","protected":false},"featured_media":21015,"comment_status":"closed","ping_status":"open","template":"","meta":[],"product_brand":[416],"product_cat":[704,440],"product_tag":[],"class_list":{"0":"post-16047","1":"product","2":"type-product","3":"status-publish","4":"has-post-thumbnail","6":"product_brand-stalco","7":"product_cat-kurtki-ocieplane","8":"product_cat-odziez-robocza","9":"pa_kolor-grafitowy","10":"pa_kolor-granatowy","11":"pa_producent-stalco","12":"pa_rozmiar-2xl","13":"pa_rozmiar-3xl","14":"pa_rozmiar-l","15":"pa_rozmiar-m","16":"pa_rozmiar-s","17":"pa_rozmiar-xl","18":"pa_waga-1-3","19":"pa_waga-1-36","20":"pa_waga-1-4","21":"pa_waga-1-43","22":"pa_waga-1-45","23":"pa_waga-1-48","24":"pa_waga-1-5","25":"pa_waga-1-58","27":"first","28":"instock","29":"shipping-taxable","30":"purchasable","31":"product-type-variable","32":"has-default-attributes"},"_links":{"self":[{"href":"https:\/\/asbhp.pl\/index.php?rest_route=\/wp\/v2\/product\/16047","targetHints":{"allow":["GET"]}}],"collection":[{"href":"https:\/\/asbhp.pl\/index.php?rest_route=\/wp\/v2\/product"}],"about":[{"href":"https:\/\/asbhp.pl\/index.php?rest_route=\/wp\/v2\/types\/product"}],"replies":[{"embeddable":true,"href":"https:\/\/asbhp.pl\/index.php?rest_route=%2Fwp%2Fv2%2Fcomments&post=16047"}],"wp:featuredmedia":[{"embeddable":true,"href":"https:\/\/asbhp.pl\/index.php?rest_route=\/wp\/v2\/media\/21015"}],"wp:attachment":[{"href":"https:\/\/asbhp.pl\/index.php?rest_route=%2Fwp%2Fv2%2Fmedia&parent=16047"}],"wp:term":[{"taxonomy":"product_brand","embeddable":true,"href":"https:\/\/asbhp.pl\/index.php?rest_route=%2Fwp%2Fv2%2Fproduct_brand&post=16047"},{"taxonomy":"product_cat","embeddable":true,"href":"https:\/\/asbhp.pl\/index.php?rest_route=%2Fwp%2Fv2%2Fproduct_cat&post=16047"},{"taxonomy":"product_tag","embeddable":true,"href":"https:\/\/asbhp.pl\/index.php?rest_route=%2Fwp%2Fv2%2Fproduct_tag&post=16047"}],"curies":[{"name":"wp","href":"https:\/\/api.w.org\/{rel}","templated":true}]}}