{"id":16095,"date":"2025-10-10T09:06:23","date_gmt":"2025-10-10T07:06:23","guid":{"rendered":"https:\/\/asbhp.pl\/produkt\/koszulka-polo-damska-one-w\/"},"modified":"2025-10-10T09:06:32","modified_gmt":"2025-10-10T07:06:32","slug":"xs-bialy-4","status":"publish","type":"product","link":"https:\/\/asbhp.pl\/?product=xs-bialy-4","title":{"rendered":"XS Bia\u0142y"},"content":{"rendered":"<ul>\n<li>sportowe damskie polo<\/li>\n<li>dzianina COOLMAX<\/li>\n<li>splot dzianiny &#8220;pique&#8221;<\/li>\n<li>\u015bciagacze na r\u0119kawkach<\/li>\n<li>ozdobna pliska<\/li>\n<li>szyty ko\u0142nierzyk<\/li>\n<li>zapinana na trzy guziki<\/li>\n<li>mo\u017cliwo\u015b\u0107 personalizacji \u2013 nadruk, haft<\/li>\n<\/ul>\n","protected":false},"excerpt":{"rendered":"<p>sportowe damskie polo dzianina COOLMAX splot dzianiny &#8220;pique&#8221; \u015bciagacze na r\u0119kawkach ozdobna pliska szyty ko\u0142nierzyk zapinana na trzy guziki mo\u017cliwo\u015b\u0107 personalizacji \u2013 nadruk, haft<\/p>\n","protected":false},"featured_media":21029,"comment_status":"closed","ping_status":"open","template":"","meta":[],"product_brand":[483],"product_cat":[629,440,670],"product_tag":[],"class_list":{"0":"post-16095","1":"product","2":"type-product","3":"status-publish","4":"has-post-thumbnail","6":"product_brand-stalco-perfect","7":"product_cat-koszulki-2","8":"product_cat-odziez-robocza","9":"product_cat-polo","10":"pa_kolor-bialy","11":"pa_producent-stalco-perfect","12":"pa_rozmiar-l","13":"pa_rozmiar-m","14":"pa_rozmiar-s","15":"pa_rozmiar-xl","16":"pa_rozmiar-xs","17":"pa_waga-0-12","18":"pa_waga-0-125","19":"pa_waga-0-14","20":"pa_waga-0-16","22":"first","23":"instock","24":"shipping-taxable","25":"purchasable","26":"product-type-variable","27":"has-default-attributes"},"_links":{"self":[{"href":"https:\/\/asbhp.pl\/index.php?rest_route=\/wp\/v2\/product\/16095","targetHints":{"allow":["GET"]}}],"collection":[{"href":"https:\/\/asbhp.pl\/index.php?rest_route=\/wp\/v2\/product"}],"about":[{"href":"https:\/\/asbhp.pl\/index.php?rest_route=\/wp\/v2\/types\/product"}],"replies":[{"embeddable":true,"href":"https:\/\/asbhp.pl\/index.php?rest_route=%2Fwp%2Fv2%2Fcomments&post=16095"}],"wp:featuredmedia":[{"embeddable":true,"href":"https:\/\/asbhp.pl\/index.php?rest_route=\/wp\/v2\/media\/21029"}],"wp:attachment":[{"href":"https:\/\/asbhp.pl\/index.php?rest_route=%2Fwp%2Fv2%2Fmedia&parent=16095"}],"wp:term":[{"taxonomy":"product_brand","embeddable":true,"href":"https:\/\/asbhp.pl\/index.php?rest_route=%2Fwp%2Fv2%2Fproduct_brand&post=16095"},{"taxonomy":"product_cat","embeddable":true,"href":"https:\/\/asbhp.pl\/index.php?rest_route=%2Fwp%2Fv2%2Fproduct_cat&post=16095"},{"taxonomy":"product_tag","embeddable":true,"href":"https:\/\/asbhp.pl\/index.php?rest_route=%2Fwp%2Fv2%2Fproduct_tag&post=16095"}],"curies":[{"name":"wp","href":"https:\/\/api.w.org\/{rel}","templated":true}]}}