{"id":16115,"date":"2025-10-10T09:06:23","date_gmt":"2025-10-10T07:06:23","guid":{"rendered":"https:\/\/asbhp.pl\/produkt\/koszulka-polo-meska-one-m\/"},"modified":"2025-10-10T09:06:32","modified_gmt":"2025-10-10T07:06:32","slug":"s-bialy-11","status":"publish","type":"product","link":"https:\/\/asbhp.pl\/?product=s-bialy-11","title":{"rendered":"S Bia\u0142y"},"content":{"rendered":"<ul>\n<li>sportowe polo<\/li>\n<li>dzianina COOLMAX<\/li>\n<li>splot dzianiny &#8220;pique&#8221;<\/li>\n<li>\u015bciagacze na r\u0119kawkach<\/li>\n<li>ozdobna pliska<\/li>\n<li>szyty ko\u0142nierzyk<\/li>\n<li>zapinana na trzy guziki<\/li>\n<li>mo\u017cliwo\u015b\u0107 personalizacji \u2013 nadruk, haft<\/li>\n<\/ul>\n","protected":false},"excerpt":{"rendered":"<p>sportowe polo dzianina COOLMAX splot dzianiny &#8220;pique&#8221; \u015bciagacze na r\u0119kawkach ozdobna pliska szyty ko\u0142nierzyk zapinana na trzy guziki mo\u017cliwo\u015b\u0107 personalizacji \u2013 nadruk, haft<\/p>\n","protected":false},"featured_media":21032,"comment_status":"closed","ping_status":"open","template":"","meta":[],"product_brand":[483],"product_cat":[629,440,670],"product_tag":[],"class_list":{"0":"post-16115","1":"product","2":"type-product","3":"status-publish","4":"has-post-thumbnail","6":"product_brand-stalco-perfect","7":"product_cat-koszulki-2","8":"product_cat-odziez-robocza","9":"product_cat-polo","10":"pa_kolor-bialy","11":"pa_producent-stalco-perfect","12":"pa_rozmiar-2xl","13":"pa_rozmiar-l","14":"pa_rozmiar-m","15":"pa_rozmiar-s","16":"pa_rozmiar-xl","17":"pa_waga-0-226","19":"first","20":"instock","21":"shipping-taxable","22":"purchasable","23":"product-type-variable","24":"has-default-attributes"},"_links":{"self":[{"href":"https:\/\/asbhp.pl\/index.php?rest_route=\/wp\/v2\/product\/16115","targetHints":{"allow":["GET"]}}],"collection":[{"href":"https:\/\/asbhp.pl\/index.php?rest_route=\/wp\/v2\/product"}],"about":[{"href":"https:\/\/asbhp.pl\/index.php?rest_route=\/wp\/v2\/types\/product"}],"replies":[{"embeddable":true,"href":"https:\/\/asbhp.pl\/index.php?rest_route=%2Fwp%2Fv2%2Fcomments&post=16115"}],"wp:featuredmedia":[{"embeddable":true,"href":"https:\/\/asbhp.pl\/index.php?rest_route=\/wp\/v2\/media\/21032"}],"wp:attachment":[{"href":"https:\/\/asbhp.pl\/index.php?rest_route=%2Fwp%2Fv2%2Fmedia&parent=16115"}],"wp:term":[{"taxonomy":"product_brand","embeddable":true,"href":"https:\/\/asbhp.pl\/index.php?rest_route=%2Fwp%2Fv2%2Fproduct_brand&post=16115"},{"taxonomy":"product_cat","embeddable":true,"href":"https:\/\/asbhp.pl\/index.php?rest_route=%2Fwp%2Fv2%2Fproduct_cat&post=16115"},{"taxonomy":"product_tag","embeddable":true,"href":"https:\/\/asbhp.pl\/index.php?rest_route=%2Fwp%2Fv2%2Fproduct_tag&post=16115"}],"curies":[{"name":"wp","href":"https:\/\/api.w.org\/{rel}","templated":true}]}}