{"id":16151,"date":"2025-10-10T09:06:23","date_gmt":"2025-10-10T07:06:23","guid":{"rendered":"https:\/\/asbhp.pl\/produkt\/kurtka-robocza-ocieplana-meska-ripstop-j\/"},"modified":"2025-10-10T09:06:32","modified_gmt":"2025-10-10T07:06:32","slug":"s-czarny-10","status":"publish","type":"product","link":"https:\/\/asbhp.pl\/?product=s-czarny-10","title":{"rendered":"S Czarny"},"content":{"rendered":"<ul>\n<li>materia\u0142 rip-stop 300D z PU<\/li>\n<li>wodoodporno\u015b\u0107 2000 mm<\/li>\n<li>kurtka ocieplana<\/li>\n<li>regulacja w talii i do\u0142u gumk\u0105 ze stoperami<\/li>\n<li>kaptur chowany w st\u00f3jce<\/li>\n<li>mankiety z gumk\u0105 regulowane na rzepy<\/li>\n<li>elementy odblaskowe<\/li>\n<li>masywny, kostkowy zamek z przodu<\/li>\n<li>listwa zabezpieczaj\u0105ca zamek z wierzchu<\/li>\n<li>4 kieszenie na rzepy<\/li>\n<li>1 kieszonka na zamek na piersi<\/li>\n<\/ul>\n","protected":false},"excerpt":{"rendered":"<p>materia\u0142 rip-stop 300D z PU wodoodporno\u015b\u0107 2000 mm kurtka ocieplana regulacja w talii i do\u0142u gumk\u0105 ze stoperami kaptur chowany w st\u00f3jce mankiety z gumk\u0105 regulowane na rzepy elementy odblaskowe masywny, kostkowy zamek z przodu listwa zabezpieczaj\u0105ca zamek z wierzchu 4 kieszenie na rzepy 1 kieszonka na zamek na piersi<\/p>\n","protected":false},"featured_media":21035,"comment_status":"closed","ping_status":"open","template":"","meta":[],"product_brand":[483],"product_cat":[704,440],"product_tag":[],"class_list":{"0":"post-16151","1":"product","2":"type-product","3":"status-publish","4":"has-post-thumbnail","6":"product_brand-stalco-perfect","7":"product_cat-kurtki-ocieplane","8":"product_cat-odziez-robocza","9":"pa_kolor-czarny","10":"pa_producent-stalco-perfect","11":"pa_rozmiar-2xl","12":"pa_rozmiar-3xl","13":"pa_rozmiar-4xl","14":"pa_rozmiar-l","15":"pa_rozmiar-m","16":"pa_rozmiar-s","17":"pa_rozmiar-xl","18":"pa_waga-1-15","19":"pa_waga-1-2","20":"pa_waga-1-3","21":"pa_waga-1-34","22":"pa_waga-1-4","24":"first","25":"instock","26":"shipping-taxable","27":"purchasable","28":"product-type-variable","29":"has-default-attributes"},"_links":{"self":[{"href":"https:\/\/asbhp.pl\/index.php?rest_route=\/wp\/v2\/product\/16151","targetHints":{"allow":["GET"]}}],"collection":[{"href":"https:\/\/asbhp.pl\/index.php?rest_route=\/wp\/v2\/product"}],"about":[{"href":"https:\/\/asbhp.pl\/index.php?rest_route=\/wp\/v2\/types\/product"}],"replies":[{"embeddable":true,"href":"https:\/\/asbhp.pl\/index.php?rest_route=%2Fwp%2Fv2%2Fcomments&post=16151"}],"wp:featuredmedia":[{"embeddable":true,"href":"https:\/\/asbhp.pl\/index.php?rest_route=\/wp\/v2\/media\/21035"}],"wp:attachment":[{"href":"https:\/\/asbhp.pl\/index.php?rest_route=%2Fwp%2Fv2%2Fmedia&parent=16151"}],"wp:term":[{"taxonomy":"product_brand","embeddable":true,"href":"https:\/\/asbhp.pl\/index.php?rest_route=%2Fwp%2Fv2%2Fproduct_brand&post=16151"},{"taxonomy":"product_cat","embeddable":true,"href":"https:\/\/asbhp.pl\/index.php?rest_route=%2Fwp%2Fv2%2Fproduct_cat&post=16151"},{"taxonomy":"product_tag","embeddable":true,"href":"https:\/\/asbhp.pl\/index.php?rest_route=%2Fwp%2Fv2%2Fproduct_tag&post=16151"}],"curies":[{"name":"wp","href":"https:\/\/api.w.org\/{rel}","templated":true}]}}