{"id":16179,"date":"2025-10-10T09:06:23","date_gmt":"2025-10-10T07:06:23","guid":{"rendered":"https:\/\/asbhp.pl\/produkt\/kurtka-ocieplana-meska-logan-j\/"},"modified":"2025-10-10T09:06:39","modified_gmt":"2025-10-10T07:06:39","slug":"s-oliwkowy","status":"publish","type":"product","link":"https:\/\/asbhp.pl\/?product=s-oliwkowy","title":{"rendered":"S Oliwkowy"},"content":{"rendered":"<ul>\n<li>tkanina z membran\u0105 TPU 3000 mm<\/li>\n<li>kurtka ocieplana<\/li>\n<li>wzmocnienia z CORDURA<\/li>\n<li>modny kr\u00f3j<\/li>\n<li>wyd\u0142u\u017cany ty\u0142 z regulacj\u0105 w pasie ze stoperami<\/li>\n<li>odpinany, regulowany kaptur<\/li>\n<li>mankiety regulowane napami<\/li>\n<li>ukryte wewn\u0105trz elastyczne mankiety z otworem na kciuk<\/li>\n<li>elementy odblaskowe 3M Scotchlite<\/li>\n<li>kostkowy zamek z przodu YKK<\/li>\n<li>listwa zabezpieczaj\u0105ca podbr\u00f3dek<\/li>\n<li>5 kieszeni z zamkami YKK<\/li>\n<\/ul>\n","protected":false},"excerpt":{"rendered":"<p>tkanina z membran\u0105 TPU 3000 mm kurtka ocieplana wzmocnienia z CORDURA modny kr\u00f3j wyd\u0142u\u017cany ty\u0142 z regulacj\u0105 w pasie ze stoperami odpinany, regulowany kaptur mankiety regulowane napami ukryte wewn\u0105trz elastyczne mankiety z otworem na kciuk elementy odblaskowe 3M Scotchlite kostkowy zamek z przodu YKK listwa zabezpieczaj\u0105ca podbr\u00f3dek 5 kieszeni z zamkami YKK<\/p>\n","protected":false},"featured_media":21038,"comment_status":"closed","ping_status":"open","template":"","meta":[],"product_brand":[483],"product_cat":[704,440],"product_tag":[],"class_list":{"0":"post-16179","1":"product","2":"type-product","3":"status-publish","4":"has-post-thumbnail","6":"product_brand-stalco-perfect","7":"product_cat-kurtki-ocieplane","8":"product_cat-odziez-robocza","9":"pa_kolor-czarny","10":"pa_kolor-oliwkowy","11":"pa_producent-stalco-perfect","12":"pa_rozmiar-2xl","13":"pa_rozmiar-3xl","14":"pa_rozmiar-l","15":"pa_rozmiar-m","16":"pa_rozmiar-s","17":"pa_rozmiar-xl","18":"pa_waga-1-09","19":"pa_waga-1-12","20":"pa_waga-1-14","21":"pa_waga-1-17","22":"pa_waga-1-21","23":"pa_waga-1-24","24":"pa_waga-1-3","25":"pa_waga-1-35","26":"pa_waga-1-38","27":"pa_waga-1-4","28":"pa_waga-1-43","30":"first","31":"instock","32":"shipping-taxable","33":"purchasable","34":"product-type-variable","35":"has-default-attributes"},"_links":{"self":[{"href":"https:\/\/asbhp.pl\/index.php?rest_route=\/wp\/v2\/product\/16179","targetHints":{"allow":["GET"]}}],"collection":[{"href":"https:\/\/asbhp.pl\/index.php?rest_route=\/wp\/v2\/product"}],"about":[{"href":"https:\/\/asbhp.pl\/index.php?rest_route=\/wp\/v2\/types\/product"}],"replies":[{"embeddable":true,"href":"https:\/\/asbhp.pl\/index.php?rest_route=%2Fwp%2Fv2%2Fcomments&post=16179"}],"wp:featuredmedia":[{"embeddable":true,"href":"https:\/\/asbhp.pl\/index.php?rest_route=\/wp\/v2\/media\/21038"}],"wp:attachment":[{"href":"https:\/\/asbhp.pl\/index.php?rest_route=%2Fwp%2Fv2%2Fmedia&parent=16179"}],"wp:term":[{"taxonomy":"product_brand","embeddable":true,"href":"https:\/\/asbhp.pl\/index.php?rest_route=%2Fwp%2Fv2%2Fproduct_brand&post=16179"},{"taxonomy":"product_cat","embeddable":true,"href":"https:\/\/asbhp.pl\/index.php?rest_route=%2Fwp%2Fv2%2Fproduct_cat&post=16179"},{"taxonomy":"product_tag","embeddable":true,"href":"https:\/\/asbhp.pl\/index.php?rest_route=%2Fwp%2Fv2%2Fproduct_tag&post=16179"}],"curies":[{"name":"wp","href":"https:\/\/api.w.org\/{rel}","templated":true}]}}