{"id":16215,"date":"2025-10-10T09:06:32","date_gmt":"2025-10-10T07:06:32","guid":{"rendered":"https:\/\/asbhp.pl\/produkt\/kurtka-softshell-meska-phoenix\/"},"modified":"2025-10-10T09:06:39","modified_gmt":"2025-10-10T07:06:39","slug":"s-czarny-13","status":"publish","type":"product","link":"https:\/\/asbhp.pl\/?product=s-czarny-13","title":{"rendered":"S Czarny"},"content":{"rendered":"<ul>\n<li>wysokiej jako\u015bci softshell<\/li>\n<li>membrana odporna na wiatr i deszcz TPU 8000mm<\/li>\n<li>membrana oddychaj\u0105ca 3000 MVP<\/li>\n<li>odpinany kaptur<\/li>\n<li>kaptur regulowany gumk\u0105<\/li>\n<li>r\u0119kaw typu raglan<\/li>\n<li>elementy odblaskowe<\/li>\n<li>zamek strunowy wzmocniony<\/li>\n<li>4 funkcjonalne kieszenie zapinane na zamek<\/li>\n<li>regulacja w pasie<\/li>\n<\/ul>\n","protected":false},"excerpt":{"rendered":"<p>wysokiej jako\u015bci softshell membrana odporna na wiatr i deszcz TPU 8000mm membrana oddychaj\u0105ca 3000 MVP odpinany kaptur kaptur regulowany gumk\u0105 r\u0119kaw typu raglan elementy odblaskowe zamek strunowy wzmocniony 4 funkcjonalne kieszenie zapinane na zamek regulacja w pasie<\/p>\n","protected":false},"featured_media":21060,"comment_status":"closed","ping_status":"open","template":"","meta":[],"product_brand":[416],"product_cat":[710,440],"product_tag":[],"class_list":{"0":"post-16215","1":"product","2":"type-product","3":"status-publish","4":"has-post-thumbnail","6":"product_brand-stalco","7":"product_cat-kurtki-softshellowe","8":"product_cat-odziez-robocza","9":"pa_kolor-czarny","10":"pa_producent-stalco","11":"pa_rozmiar-2xl","12":"pa_rozmiar-3xl","13":"pa_rozmiar-l","14":"pa_rozmiar-m","15":"pa_rozmiar-s","16":"pa_rozmiar-xl","17":"pa_waga-0-71","18":"pa_waga-0-76","19":"pa_waga-0-77","20":"pa_waga-0-8","21":"pa_waga-0-82","22":"pa_waga-0-84","24":"first","25":"instock","26":"shipping-taxable","27":"purchasable","28":"product-type-variable","29":"has-default-attributes"},"_links":{"self":[{"href":"https:\/\/asbhp.pl\/index.php?rest_route=\/wp\/v2\/product\/16215","targetHints":{"allow":["GET"]}}],"collection":[{"href":"https:\/\/asbhp.pl\/index.php?rest_route=\/wp\/v2\/product"}],"about":[{"href":"https:\/\/asbhp.pl\/index.php?rest_route=\/wp\/v2\/types\/product"}],"replies":[{"embeddable":true,"href":"https:\/\/asbhp.pl\/index.php?rest_route=%2Fwp%2Fv2%2Fcomments&post=16215"}],"wp:featuredmedia":[{"embeddable":true,"href":"https:\/\/asbhp.pl\/index.php?rest_route=\/wp\/v2\/media\/21060"}],"wp:attachment":[{"href":"https:\/\/asbhp.pl\/index.php?rest_route=%2Fwp%2Fv2%2Fmedia&parent=16215"}],"wp:term":[{"taxonomy":"product_brand","embeddable":true,"href":"https:\/\/asbhp.pl\/index.php?rest_route=%2Fwp%2Fv2%2Fproduct_brand&post=16215"},{"taxonomy":"product_cat","embeddable":true,"href":"https:\/\/asbhp.pl\/index.php?rest_route=%2Fwp%2Fv2%2Fproduct_cat&post=16215"},{"taxonomy":"product_tag","embeddable":true,"href":"https:\/\/asbhp.pl\/index.php?rest_route=%2Fwp%2Fv2%2Fproduct_tag&post=16215"}],"curies":[{"name":"wp","href":"https:\/\/api.w.org\/{rel}","templated":true}]}}