{"id":16233,"date":"2025-10-10T09:06:32","date_gmt":"2025-10-10T07:06:32","guid":{"rendered":"https:\/\/asbhp.pl\/produkt\/kurtka-softshell-meska-jay\/"},"modified":"2025-10-10T09:06:39","modified_gmt":"2025-10-10T07:06:39","slug":"s-szary-19","status":"publish","type":"product","link":"https:\/\/asbhp.pl\/?product=s-szary-19","title":{"rendered":"S Szary"},"content":{"rendered":"<ul>\n<li>wysokiej jako\u015bci softshell<\/li>\n<li>membrana: TPU 5000mm, 3000 MVP<\/li>\n<li>kaptur regulowany gumk\u0105<\/li>\n<li>r\u0119kaw zako\u0144czony elastyczn\u0105 tasiemk\u0105<\/li>\n<li>elementy kontrastowe<\/li>\n<li>zamek strunowy kryty<\/li>\n<li>system wentylacji pod pachami<\/li>\n<li>2 kieszenie na zamek w pasie<\/li>\n<li>1 kiesze\u0144 na piersi<\/li>\n<li>regulacja w pasie gumk\u0105<\/li>\n<li>wyd\u0142u\u017cany ty\u0142<\/li>\n<\/ul>\n","protected":false},"excerpt":{"rendered":"<p>wysokiej jako\u015bci softshell membrana: TPU 5000mm, 3000 MVP kaptur regulowany gumk\u0105 r\u0119kaw zako\u0144czony elastyczn\u0105 tasiemk\u0105 elementy kontrastowe zamek strunowy kryty system wentylacji pod pachami 2 kieszenie na zamek w pasie 1 kiesze\u0144 na piersi regulacja w pasie gumk\u0105 wyd\u0142u\u017cany ty\u0142<\/p>\n","protected":false},"featured_media":21063,"comment_status":"closed","ping_status":"open","template":"","meta":[],"product_brand":[483],"product_cat":[710,440],"product_tag":[],"class_list":{"0":"post-16233","1":"product","2":"type-product","3":"status-publish","4":"has-post-thumbnail","6":"product_brand-stalco-perfect","7":"product_cat-kurtki-softshellowe","8":"product_cat-odziez-robocza","9":"pa_kolor-szary","10":"pa_producent-stalco-perfect","11":"pa_rozmiar-2xl","12":"pa_rozmiar-3xl","13":"pa_rozmiar-l","14":"pa_rozmiar-m","15":"pa_rozmiar-s","16":"pa_rozmiar-xl","17":"pa_waga-0-69","18":"pa_waga-0-7","19":"pa_waga-0-74","20":"pa_waga-0-78","21":"pa_waga-0-81","22":"pa_waga-0-83","24":"first","25":"instock","26":"shipping-taxable","27":"purchasable","28":"product-type-variable","29":"has-default-attributes"},"_links":{"self":[{"href":"https:\/\/asbhp.pl\/index.php?rest_route=\/wp\/v2\/product\/16233","targetHints":{"allow":["GET"]}}],"collection":[{"href":"https:\/\/asbhp.pl\/index.php?rest_route=\/wp\/v2\/product"}],"about":[{"href":"https:\/\/asbhp.pl\/index.php?rest_route=\/wp\/v2\/types\/product"}],"replies":[{"embeddable":true,"href":"https:\/\/asbhp.pl\/index.php?rest_route=%2Fwp%2Fv2%2Fcomments&post=16233"}],"wp:featuredmedia":[{"embeddable":true,"href":"https:\/\/asbhp.pl\/index.php?rest_route=\/wp\/v2\/media\/21063"}],"wp:attachment":[{"href":"https:\/\/asbhp.pl\/index.php?rest_route=%2Fwp%2Fv2%2Fmedia&parent=16233"}],"wp:term":[{"taxonomy":"product_brand","embeddable":true,"href":"https:\/\/asbhp.pl\/index.php?rest_route=%2Fwp%2Fv2%2Fproduct_brand&post=16233"},{"taxonomy":"product_cat","embeddable":true,"href":"https:\/\/asbhp.pl\/index.php?rest_route=%2Fwp%2Fv2%2Fproduct_cat&post=16233"},{"taxonomy":"product_tag","embeddable":true,"href":"https:\/\/asbhp.pl\/index.php?rest_route=%2Fwp%2Fv2%2Fproduct_tag&post=16233"}],"curies":[{"name":"wp","href":"https:\/\/api.w.org\/{rel}","templated":true}]}}