{"id":16265,"date":"2025-10-10T09:06:32","date_gmt":"2025-10-10T07:06:32","guid":{"rendered":"https:\/\/asbhp.pl\/produkt\/kurtka-meska-robin\/"},"modified":"2025-10-10T09:06:39","modified_gmt":"2025-10-10T07:06:39","slug":"s-czarny-11","status":"publish","type":"product","link":"https:\/\/asbhp.pl\/?product=s-czarny-11","title":{"rendered":"S Czarny"},"content":{"rendered":"<ul>\n<li>innowacyjne wype\u0142nienie puchem syntetycznym &#8211; super lekkim, szybkoschn\u0105cym i doskonale izoluj\u0105cym\n<li>praktyczna st\u00f3jka\n<li>kieszenie zapinane na zamek\n<li>elementy odblaskowe<\/ul>\n","protected":false},"excerpt":{"rendered":"<p>innowacyjne wype\u0142nienie puchem syntetycznym &#8211; super lekkim, szybkoschn\u0105cym i doskonale izoluj\u0105cym praktyczna st\u00f3jka kieszenie zapinane na zamek elementy odblaskowe<\/p>\n","protected":false},"featured_media":21045,"comment_status":"closed","ping_status":"open","template":"","meta":[],"product_brand":[483],"product_cat":[712,440],"product_tag":[],"class_list":{"0":"post-16265","1":"product","2":"type-product","3":"status-publish","4":"has-post-thumbnail","6":"product_brand-stalco-perfect","7":"product_cat-kurtki-przejsciowe","8":"product_cat-odziez-robocza","9":"pa_kolor-czarny","10":"pa_producent-stalco-perfect","11":"pa_rozmiar-2xl","12":"pa_rozmiar-3xl","13":"pa_rozmiar-l","14":"pa_rozmiar-m","15":"pa_rozmiar-s","16":"pa_rozmiar-xl","17":"pa_waga-0-53","18":"pa_waga-0-55","19":"pa_waga-0-58","20":"pa_waga-0-64","21":"pa_waga-0-67","23":"first","24":"instock","25":"shipping-taxable","26":"purchasable","27":"product-type-variable","28":"has-default-attributes"},"_links":{"self":[{"href":"https:\/\/asbhp.pl\/index.php?rest_route=\/wp\/v2\/product\/16265","targetHints":{"allow":["GET"]}}],"collection":[{"href":"https:\/\/asbhp.pl\/index.php?rest_route=\/wp\/v2\/product"}],"about":[{"href":"https:\/\/asbhp.pl\/index.php?rest_route=\/wp\/v2\/types\/product"}],"replies":[{"embeddable":true,"href":"https:\/\/asbhp.pl\/index.php?rest_route=%2Fwp%2Fv2%2Fcomments&post=16265"}],"wp:featuredmedia":[{"embeddable":true,"href":"https:\/\/asbhp.pl\/index.php?rest_route=\/wp\/v2\/media\/21045"}],"wp:attachment":[{"href":"https:\/\/asbhp.pl\/index.php?rest_route=%2Fwp%2Fv2%2Fmedia&parent=16265"}],"wp:term":[{"taxonomy":"product_brand","embeddable":true,"href":"https:\/\/asbhp.pl\/index.php?rest_route=%2Fwp%2Fv2%2Fproduct_brand&post=16265"},{"taxonomy":"product_cat","embeddable":true,"href":"https:\/\/asbhp.pl\/index.php?rest_route=%2Fwp%2Fv2%2Fproduct_cat&post=16265"},{"taxonomy":"product_tag","embeddable":true,"href":"https:\/\/asbhp.pl\/index.php?rest_route=%2Fwp%2Fv2%2Fproduct_tag&post=16265"}],"curies":[{"name":"wp","href":"https:\/\/api.w.org\/{rel}","templated":true}]}}