{"id":16287,"date":"2025-10-10T09:06:32","date_gmt":"2025-10-10T07:06:32","guid":{"rendered":"https:\/\/asbhp.pl\/produkt\/kurtka-softshell-meska-just\/"},"modified":"2025-10-10T09:06:39","modified_gmt":"2025-10-10T07:06:39","slug":"s-czarny-14","status":"publish","type":"product","link":"https:\/\/asbhp.pl\/?product=s-czarny-14","title":{"rendered":"S Czarny"},"content":{"rendered":"<ul style=\"box-sizing: border-box; padding: 0px; margin: 0px 0px 0px 1em; list-style-position: initial; list-style-image: initial; color: #67768a; font-family: Lato, 'Helvetica Neue', Helvetica, Arial, sans-serif; font-size: 13px; background-color: #ffffff;\">\n<li style=\"box-sizing: border-box; padding: 0px; margin: 0px; list-style: disc;\">wysokiej jako\u015bci softshell<\/li>\n<li style=\"box-sizing: border-box; padding: 0px; margin: 0px; list-style: disc;\">TPU 8000mm, 3000 MVP<\/li>\n<li style=\"box-sizing: border-box; padding: 0px; margin: 0px; list-style: disc;\">kaptur odpinany, regulowany gumk\u0105<\/li>\n<li style=\"box-sizing: border-box; padding: 0px; margin: 0px; list-style: disc;\">wysoka st\u00f3jka<\/li>\n<li style=\"box-sizing: border-box; padding: 0px; margin: 0px; list-style: disc;\">zamek kryty YKK z przodu<\/li>\n<li style=\"box-sizing: border-box; padding: 0px; margin: 0px; list-style: disc;\">2 kieszenie na zamek YKK w pasie<\/li>\n<li style=\"box-sizing: border-box; padding: 0px; margin: 0px; list-style: disc;\">2 kieszenie na na zamek YKK klatce piersiowej<\/li>\n<li style=\"box-sizing: border-box; padding: 0px; margin: 0px; list-style: disc;\">mankiety regulowane na rzepy<\/li>\n<li style=\"box-sizing: border-box; padding: 0px; margin: 0px; list-style: disc;\">ukryte elastyczne drugie mankiety<\/li>\n<\/ul>\n","protected":false},"excerpt":{"rendered":"<p>wysokiej jako\u015bci softshell TPU 8000mm, 3000 MVP kaptur odpinany, regulowany gumk\u0105 wysoka st\u00f3jka zamek kryty YKK z przodu 2 kieszenie na zamek YKK w pasie 2 kieszenie na na zamek YKK klatce piersiowej mankiety regulowane na rzepy ukryte elastyczne drugie mankiety<\/p>\n","protected":false},"featured_media":21066,"comment_status":"closed","ping_status":"open","template":"","meta":[],"product_brand":[483],"product_cat":[710,440],"product_tag":[],"class_list":{"0":"post-16287","1":"product","2":"type-product","3":"status-publish","4":"has-post-thumbnail","6":"product_brand-stalco-perfect","7":"product_cat-kurtki-softshellowe","8":"product_cat-odziez-robocza","9":"pa_kolor-czarny","10":"pa_producent-stalco-perfect","11":"pa_rozmiar-2xl","12":"pa_rozmiar-3xl","13":"pa_rozmiar-l","14":"pa_rozmiar-m","15":"pa_rozmiar-s","16":"pa_rozmiar-xl","17":"pa_waga-0-82","18":"pa_waga-0-87","19":"pa_waga-0-89","20":"pa_waga-0-9","21":"pa_waga-0-95","22":"pa_waga-0-975","24":"first","25":"instock","26":"shipping-taxable","27":"purchasable","28":"product-type-variable","29":"has-default-attributes"},"_links":{"self":[{"href":"https:\/\/asbhp.pl\/index.php?rest_route=\/wp\/v2\/product\/16287","targetHints":{"allow":["GET"]}}],"collection":[{"href":"https:\/\/asbhp.pl\/index.php?rest_route=\/wp\/v2\/product"}],"about":[{"href":"https:\/\/asbhp.pl\/index.php?rest_route=\/wp\/v2\/types\/product"}],"replies":[{"embeddable":true,"href":"https:\/\/asbhp.pl\/index.php?rest_route=%2Fwp%2Fv2%2Fcomments&post=16287"}],"wp:featuredmedia":[{"embeddable":true,"href":"https:\/\/asbhp.pl\/index.php?rest_route=\/wp\/v2\/media\/21066"}],"wp:attachment":[{"href":"https:\/\/asbhp.pl\/index.php?rest_route=%2Fwp%2Fv2%2Fmedia&parent=16287"}],"wp:term":[{"taxonomy":"product_brand","embeddable":true,"href":"https:\/\/asbhp.pl\/index.php?rest_route=%2Fwp%2Fv2%2Fproduct_brand&post=16287"},{"taxonomy":"product_cat","embeddable":true,"href":"https:\/\/asbhp.pl\/index.php?rest_route=%2Fwp%2Fv2%2Fproduct_cat&post=16287"},{"taxonomy":"product_tag","embeddable":true,"href":"https:\/\/asbhp.pl\/index.php?rest_route=%2Fwp%2Fv2%2Fproduct_tag&post=16287"}],"curies":[{"name":"wp","href":"https:\/\/api.w.org\/{rel}","templated":true}]}}