{"id":16311,"date":"2025-10-10T09:06:32","date_gmt":"2025-10-10T07:06:32","guid":{"rendered":"https:\/\/asbhp.pl\/produkt\/kurtka-softshell-meska-rock\/"},"modified":"2025-10-10T09:06:52","modified_gmt":"2025-10-10T07:06:52","slug":"s-szary-20","status":"publish","type":"product","link":"https:\/\/asbhp.pl\/?product=s-szary-20","title":{"rendered":"S Szary"},"content":{"rendered":"<ul>\n<li style=\"margin: 0cm 0cm 0cm 18pt; line-height: normal;\">materia\u0142 softshell z membran\u0105<o_p><\/o_p><\/li>\n<li style=\"margin: 0cm 0cm 0cm 38.7pt; line-height: normal;\">TPU 8000 mm &#8211; wodoodporno\u015b\u0107<o_p><\/o_p><\/li>\n<li style=\"margin: 0cm 0cm 0cm 38.7pt; line-height: normal;\">MVP 4000 &#8211; oddychalno\u015b\u0107<o_p><\/o_p><\/li>\n<li style=\"margin: 0cm 0cm 0cm 18pt; line-height: normal;\">st\u00f3jka<o_p><\/o_p><\/li>\n<li style=\"margin: 0cm 0cm 0cm 18pt; line-height: normal;\">kaptur profilowany, regulowany gumk\u0105<o_p><\/o_p><\/li>\n<li style=\"margin: 0cm 0cm 0cm 18pt; line-height: normal;\">r\u0119kaw zako\u0144czony elastyczn\u0105 tasiemk\u0105<o_p><\/o_p><\/li>\n<li style=\"margin: 0cm 0cm 0cm 18pt; line-height: normal;\">elementy odblaskowe<o_p><\/o_p><\/li>\n<li style=\"margin: 0cm 0cm 0cm 18pt; line-height: normal;\">zamek strunowy rewersowy<o_p><\/o_p><\/li>\n<li style=\"margin: 0cm 0cm 0cm 18pt; line-height: normal;\">listwa zabezpieczaj\u0105ca podbr\u00f3dek<o_p><\/o_p><\/li>\n<li style=\"margin: 0cm 0cm 0cm 18pt; line-height: normal;\">3 funkcjonalne kieszenie zapinane na zamek<o_p><\/o_p><\/li>\n<li style=\"margin: 0cm 0cm 0cm 18pt; line-height: normal;\">regulacja w pasie<o_p><\/o_p><\/li>\n<li style=\"margin: 0cm 0cm 0cm 18pt; line-height: normal;\">dost\u0119pny w 2 wariantach kolorystycznych<o_p><\/o_p><\/li>\n<li style=\"margin: 0cm 0cm 0cm 18pt; line-height: normal;\">CE Kategoria I<\/li>\n<li style=\"margin: 0cm 0cm 0cm 18pt; line-height: normal;\">EN ISO 13688<\/li>\n<\/ul>\n","protected":false},"excerpt":{"rendered":"<p>materia\u0142 softshell z membran\u0105 TPU 8000 mm &#8211; wodoodporno\u015b\u0107 MVP 4000 &#8211; oddychalno\u015b\u0107 st\u00f3jka kaptur profilowany, regulowany gumk\u0105 r\u0119kaw zako\u0144czony elastyczn\u0105 tasiemk\u0105 elementy odblaskowe zamek strunowy rewersowy listwa zabezpieczaj\u0105ca podbr\u00f3dek 3 funkcjonalne kieszenie zapinane na zamek regulacja w pasie dost\u0119pny w 2 wariantach kolorystycznych CE Kategoria I EN ISO 13688<\/p>\n","protected":false},"featured_media":21069,"comment_status":"closed","ping_status":"open","template":"","meta":[],"product_brand":[416],"product_cat":[710,440],"product_tag":[],"class_list":{"0":"post-16311","1":"product","2":"type-product","3":"status-publish","4":"has-post-thumbnail","6":"product_brand-stalco","7":"product_cat-kurtki-softshellowe","8":"product_cat-odziez-robocza","9":"pa_kolor-granatowy","10":"pa_kolor-szary","11":"pa_producent-stalco","12":"pa_rozmiar-2xl","13":"pa_rozmiar-3xl","14":"pa_rozmiar-4xl","15":"pa_rozmiar-l","16":"pa_rozmiar-m","17":"pa_rozmiar-s","18":"pa_rozmiar-xl","19":"pa_waga-0-57","20":"pa_waga-0-58","21":"pa_waga-0-6","22":"pa_waga-0-62","23":"pa_waga-0-64","24":"pa_waga-0-65","25":"pa_waga-0-67","26":"pa_waga-0-68","27":"pa_waga-0-71","28":"pa_waga-0-74","29":"pa_waga-0-75","30":"pa_waga-0-78","31":"pa_waga-0-79","33":"first","34":"instock","35":"shipping-taxable","36":"purchasable","37":"product-type-variable","38":"has-default-attributes"},"_links":{"self":[{"href":"https:\/\/asbhp.pl\/index.php?rest_route=\/wp\/v2\/product\/16311","targetHints":{"allow":["GET"]}}],"collection":[{"href":"https:\/\/asbhp.pl\/index.php?rest_route=\/wp\/v2\/product"}],"about":[{"href":"https:\/\/asbhp.pl\/index.php?rest_route=\/wp\/v2\/types\/product"}],"replies":[{"embeddable":true,"href":"https:\/\/asbhp.pl\/index.php?rest_route=%2Fwp%2Fv2%2Fcomments&post=16311"}],"wp:featuredmedia":[{"embeddable":true,"href":"https:\/\/asbhp.pl\/index.php?rest_route=\/wp\/v2\/media\/21069"}],"wp:attachment":[{"href":"https:\/\/asbhp.pl\/index.php?rest_route=%2Fwp%2Fv2%2Fmedia&parent=16311"}],"wp:term":[{"taxonomy":"product_brand","embeddable":true,"href":"https:\/\/asbhp.pl\/index.php?rest_route=%2Fwp%2Fv2%2Fproduct_brand&post=16311"},{"taxonomy":"product_cat","embeddable":true,"href":"https:\/\/asbhp.pl\/index.php?rest_route=%2Fwp%2Fv2%2Fproduct_cat&post=16311"},{"taxonomy":"product_tag","embeddable":true,"href":"https:\/\/asbhp.pl\/index.php?rest_route=%2Fwp%2Fv2%2Fproduct_tag&post=16311"}],"curies":[{"name":"wp","href":"https:\/\/api.w.org\/{rel}","templated":true}]}}