{"id":16339,"date":"2025-10-10T09:06:39","date_gmt":"2025-10-10T07:06:39","guid":{"rendered":"https:\/\/asbhp.pl\/produkt\/kurtka-wiatrowka-damska-slice-w\/"},"modified":"2025-10-10T09:06:52","modified_gmt":"2025-10-10T07:06:52","slug":"xs-granatowy-3","status":"publish","type":"product","link":"https:\/\/asbhp.pl\/?product=xs-granatowy-3","title":{"rendered":"XS Granatowy"},"content":{"rendered":"<ul>\n<li>tkanina z membran\u0105 5000mm doskonale chroni\u0105ca przed wiatrem i deszczem\n<li>regulacja dolnego obwodu r\u0119kawa\n<li>elastyczny troczek w dolnym obwodzie\n<li>kieszenie zapinane na zamek\n<li>lekko wyd\u0142u\u017cany ty\u0142 dla lepszej ochrony przed zimnem\n<li>elementy odblaskowe\n<li>chowany kaptur w st\u00f3jk\u0119\n<li>wysoka st\u00f3jka<\/ul>\n","protected":false},"excerpt":{"rendered":"<p>tkanina z membran\u0105 5000mm doskonale chroni\u0105ca przed wiatrem i deszczem regulacja dolnego obwodu r\u0119kawa elastyczny troczek w dolnym obwodzie kieszenie zapinane na zamek lekko wyd\u0142u\u017cany ty\u0142 dla lepszej ochrony przed zimnem elementy odblaskowe chowany kaptur w st\u00f3jk\u0119 wysoka st\u00f3jka<\/p>\n","protected":false},"featured_media":21074,"comment_status":"closed","ping_status":"open","template":"","meta":[],"product_brand":[483],"product_cat":[716,440],"product_tag":[],"class_list":{"0":"post-16339","1":"product","2":"type-product","3":"status-publish","4":"has-post-thumbnail","6":"product_brand-stalco-perfect","7":"product_cat-kurtki-wiatrowki","8":"product_cat-odziez-robocza","9":"pa_kolor-granatowy","10":"pa_producent-stalco-perfect","11":"pa_rozmiar-2xl","12":"pa_rozmiar-l","13":"pa_rozmiar-m","14":"pa_rozmiar-s","15":"pa_rozmiar-xl","16":"pa_rozmiar-xs","17":"pa_waga-0-56","18":"pa_waga-0-58","19":"pa_waga-0-6","20":"pa_waga-0-64","21":"pa_waga-0-68","22":"pa_waga-0-7","24":"first","25":"instock","26":"shipping-taxable","27":"purchasable","28":"product-type-variable","29":"has-default-attributes"},"_links":{"self":[{"href":"https:\/\/asbhp.pl\/index.php?rest_route=\/wp\/v2\/product\/16339","targetHints":{"allow":["GET"]}}],"collection":[{"href":"https:\/\/asbhp.pl\/index.php?rest_route=\/wp\/v2\/product"}],"about":[{"href":"https:\/\/asbhp.pl\/index.php?rest_route=\/wp\/v2\/types\/product"}],"replies":[{"embeddable":true,"href":"https:\/\/asbhp.pl\/index.php?rest_route=%2Fwp%2Fv2%2Fcomments&post=16339"}],"wp:featuredmedia":[{"embeddable":true,"href":"https:\/\/asbhp.pl\/index.php?rest_route=\/wp\/v2\/media\/21074"}],"wp:attachment":[{"href":"https:\/\/asbhp.pl\/index.php?rest_route=%2Fwp%2Fv2%2Fmedia&parent=16339"}],"wp:term":[{"taxonomy":"product_brand","embeddable":true,"href":"https:\/\/asbhp.pl\/index.php?rest_route=%2Fwp%2Fv2%2Fproduct_brand&post=16339"},{"taxonomy":"product_cat","embeddable":true,"href":"https:\/\/asbhp.pl\/index.php?rest_route=%2Fwp%2Fv2%2Fproduct_cat&post=16339"},{"taxonomy":"product_tag","embeddable":true,"href":"https:\/\/asbhp.pl\/index.php?rest_route=%2Fwp%2Fv2%2Fproduct_tag&post=16339"}],"curies":[{"name":"wp","href":"https:\/\/api.w.org\/{rel}","templated":true}]}}