{"id":1634,"date":"2019-09-24T20:48:22","date_gmt":"2019-09-24T18:48:22","guid":{"rendered":"http:\/\/www.asbhp.pl\/produkt\/10-para-wymiennych-wkuadek-przeciwhauasowych-do-conicap01\/"},"modified":"2025-10-11T20:48:07","modified_gmt":"2025-10-11T18:48:07","slug":"10-para-wymiennych-wkuadek-przeciwhauasowych-do-conicap01","status":"publish","type":"product","link":"https:\/\/asbhp.pl\/?product=10-para-wymiennych-wkuadek-przeciwhauasowych-do-conicap01","title":{"rendered":"10 PARA WYMIENNYCH WK\u0141ADEK PRZECIWHA\u0141ASOWYCH DO CONICAP01"},"content":{"rendered":"","protected":false},"excerpt":{"rendered":"<p>10 PARA WYMIENNYCH WK\u0141ADEK PRZECIWHA\u0141ASOWYCH DO CONICAP01<\/p>\n","protected":false},"featured_media":0,"comment_status":"closed","ping_status":"closed","template":"","meta":[],"product_brand":[],"product_cat":[1016],"product_tag":[106],"class_list":{"0":"post-1634","1":"product","2":"type-product","3":"status-publish","5":"product_cat-ochrona-sluchu","6":"product_tag-deltaplus","8":"first","9":"instock","10":"purchasable","11":"product-type-simple"},"_links":{"self":[{"href":"https:\/\/asbhp.pl\/index.php?rest_route=\/wp\/v2\/product\/1634","targetHints":{"allow":["GET"]}}],"collection":[{"href":"https:\/\/asbhp.pl\/index.php?rest_route=\/wp\/v2\/product"}],"about":[{"href":"https:\/\/asbhp.pl\/index.php?rest_route=\/wp\/v2\/types\/product"}],"replies":[{"embeddable":true,"href":"https:\/\/asbhp.pl\/index.php?rest_route=%2Fwp%2Fv2%2Fcomments&post=1634"}],"wp:attachment":[{"href":"https:\/\/asbhp.pl\/index.php?rest_route=%2Fwp%2Fv2%2Fmedia&parent=1634"}],"wp:term":[{"taxonomy":"product_brand","embeddable":true,"href":"https:\/\/asbhp.pl\/index.php?rest_route=%2Fwp%2Fv2%2Fproduct_brand&post=1634"},{"taxonomy":"product_cat","embeddable":true,"href":"https:\/\/asbhp.pl\/index.php?rest_route=%2Fwp%2Fv2%2Fproduct_cat&post=1634"},{"taxonomy":"product_tag","embeddable":true,"href":"https:\/\/asbhp.pl\/index.php?rest_route=%2Fwp%2Fv2%2Fproduct_tag&post=1634"}],"curies":[{"name":"wp","href":"https:\/\/api.w.org\/{rel}","templated":true}]}}