{"id":1635,"date":"2019-09-24T20:48:22","date_gmt":"2019-09-24T18:48:22","guid":{"rendered":"http:\/\/www.asbhp.pl\/produkt\/wkuadki-przeciwhauasowe-pou%c2%84czone-skuadanym-pau%c2%84kiem\/"},"modified":"2019-10-05T22:15:49","modified_gmt":"2019-10-05T20:15:49","slug":"wkuadki-przeciwhauasowe-pou%c2%84czone-skuadanym-pau%c2%84kiem","status":"publish","type":"product","link":"https:\/\/asbhp.pl\/?product=wkuadki-przeciwhauasowe-pou%c2%84czone-skuadanym-pau%c2%84kiem","title":{"rendered":"WK\u0141ADKI PRZECIWHA\u0141ASOWE PO\u0141\u0104CZONE SK\u0141ADANYM P\u015a\u0104KIEM"},"content":{"rendered":"","protected":false},"excerpt":{"rendered":"<p>WK\u0141ADKI PRZECIWHA\u0141ASOWE PO\u0141\u0104CZONE SK\u0141ADANYM P\u015a\u0104KIEM<\/p>\n","protected":false},"featured_media":0,"comment_status":"closed","ping_status":"closed","template":"","meta":[],"product_brand":[],"product_cat":[59],"product_tag":[106],"class_list":{"0":"post-1635","1":"product","2":"type-product","3":"status-publish","5":"product_cat-ochrona-glowy","6":"product_tag-deltaplus","8":"first","9":"instock","10":"purchasable","11":"product-type-simple"},"_links":{"self":[{"href":"https:\/\/asbhp.pl\/index.php?rest_route=\/wp\/v2\/product\/1635","targetHints":{"allow":["GET"]}}],"collection":[{"href":"https:\/\/asbhp.pl\/index.php?rest_route=\/wp\/v2\/product"}],"about":[{"href":"https:\/\/asbhp.pl\/index.php?rest_route=\/wp\/v2\/types\/product"}],"replies":[{"embeddable":true,"href":"https:\/\/asbhp.pl\/index.php?rest_route=%2Fwp%2Fv2%2Fcomments&post=1635"}],"wp:attachment":[{"href":"https:\/\/asbhp.pl\/index.php?rest_route=%2Fwp%2Fv2%2Fmedia&parent=1635"}],"wp:term":[{"taxonomy":"product_brand","embeddable":true,"href":"https:\/\/asbhp.pl\/index.php?rest_route=%2Fwp%2Fv2%2Fproduct_brand&post=1635"},{"taxonomy":"product_cat","embeddable":true,"href":"https:\/\/asbhp.pl\/index.php?rest_route=%2Fwp%2Fv2%2Fproduct_cat&post=1635"},{"taxonomy":"product_tag","embeddable":true,"href":"https:\/\/asbhp.pl\/index.php?rest_route=%2Fwp%2Fv2%2Fproduct_tag&post=1635"}],"curies":[{"name":"wp","href":"https:\/\/api.w.org\/{rel}","templated":true}]}}