{"id":16443,"date":"2025-10-10T09:06:39","date_gmt":"2025-10-10T07:06:39","guid":{"rendered":"https:\/\/asbhp.pl\/produkt\/kurtka-przeciwdeszczowa-damska-merlin-w\/"},"modified":"2025-10-10T09:06:52","modified_gmt":"2025-10-10T07:06:52","slug":"xs-szary-3","status":"publish","type":"product","link":"https:\/\/asbhp.pl\/?product=xs-szary-3","title":{"rendered":"XS Szary"},"content":{"rendered":"<ul>\n<li>bardzo wysoko gatunkowy materia\u0142 nylonowy\n<li>bardzo lekka i ergonomiczna\n<li>wstawka odblaskowa przy zamku i z ty\u0142u kurtki\n<li>zintegrowany kaptur regulowana za pom\u0105c\u0105 troczka\n<li>\u015bci\u0105gacz w r\u0119kawie\n<li>boczna kiesze\u0144 pe\u0142ni funkcj\u0119 saszetki umo\u017cliwiaj\u0105c praktyczne zwini\u0119cie kurtki\n<li>elastyczny troczek w dolnym obwodzie i w kapturze<\/ul>\n","protected":false},"excerpt":{"rendered":"<p>bardzo wysoko gatunkowy materia\u0142 nylonowy bardzo lekka i ergonomiczna wstawka odblaskowa przy zamku i z ty\u0142u kurtki zintegrowany kaptur regulowana za pom\u0105c\u0105 troczka \u015bci\u0105gacz w r\u0119kawie boczna kiesze\u0144 pe\u0142ni funkcj\u0119 saszetki umo\u017cliwiaj\u0105c praktyczne zwini\u0119cie kurtki elastyczny troczek w dolnym obwodzie i w kapturze<\/p>\n","protected":false},"featured_media":21139,"comment_status":"closed","ping_status":"open","template":"","meta":[],"product_brand":[483],"product_cat":[716,440],"product_tag":[],"class_list":{"0":"post-16443","1":"product","2":"type-product","3":"status-publish","4":"has-post-thumbnail","6":"product_brand-stalco-perfect","7":"product_cat-kurtki-wiatrowki","8":"product_cat-odziez-robocza","9":"pa_kolor-szary","10":"pa_producent-stalco-perfect","11":"pa_rozmiar-2xl","12":"pa_rozmiar-l","13":"pa_rozmiar-m","14":"pa_rozmiar-s","15":"pa_rozmiar-xl","16":"pa_rozmiar-xs","17":"pa_waga-0-31","18":"pa_waga-0-335","19":"pa_waga-0-345","20":"pa_waga-0-38","21":"pa_waga-0-4","22":"pa_waga-0-42","24":"first","25":"instock","26":"shipping-taxable","27":"purchasable","28":"product-type-variable","29":"has-default-attributes"},"_links":{"self":[{"href":"https:\/\/asbhp.pl\/index.php?rest_route=\/wp\/v2\/product\/16443","targetHints":{"allow":["GET"]}}],"collection":[{"href":"https:\/\/asbhp.pl\/index.php?rest_route=\/wp\/v2\/product"}],"about":[{"href":"https:\/\/asbhp.pl\/index.php?rest_route=\/wp\/v2\/types\/product"}],"replies":[{"embeddable":true,"href":"https:\/\/asbhp.pl\/index.php?rest_route=%2Fwp%2Fv2%2Fcomments&post=16443"}],"wp:featuredmedia":[{"embeddable":true,"href":"https:\/\/asbhp.pl\/index.php?rest_route=\/wp\/v2\/media\/21139"}],"wp:attachment":[{"href":"https:\/\/asbhp.pl\/index.php?rest_route=%2Fwp%2Fv2%2Fmedia&parent=16443"}],"wp:term":[{"taxonomy":"product_brand","embeddable":true,"href":"https:\/\/asbhp.pl\/index.php?rest_route=%2Fwp%2Fv2%2Fproduct_brand&post=16443"},{"taxonomy":"product_cat","embeddable":true,"href":"https:\/\/asbhp.pl\/index.php?rest_route=%2Fwp%2Fv2%2Fproduct_cat&post=16443"},{"taxonomy":"product_tag","embeddable":true,"href":"https:\/\/asbhp.pl\/index.php?rest_route=%2Fwp%2Fv2%2Fproduct_tag&post=16443"}],"curies":[{"name":"wp","href":"https:\/\/api.w.org\/{rel}","templated":true}]}}