{"id":16528,"date":"2025-10-10T09:06:52","date_gmt":"2025-10-10T07:06:52","guid":{"rendered":"https:\/\/asbhp.pl\/produkt\/kamizelka-ocieplana-meska-ronin\/"},"modified":"2025-10-10T09:07:04","modified_gmt":"2025-10-10T07:07:04","slug":"s-granatowy-10","status":"publish","type":"product","link":"https:\/\/asbhp.pl\/?product=s-granatowy-10","title":{"rendered":"S Granatowy"},"content":{"rendered":"<ul>\n<li>mocny i mi\u0119kki materia\u0142 OXFORD<\/li>\n<li>membrana odporna na wiatr TPU 2000mm<\/li>\n<li>ocieplana wype\u0142nieniem<\/li>\n<li>uniwersalny kr\u00f3j<\/li>\n<li>wiatro\u0142apy przy ramionach<\/li>\n<li>wyd\u0142u\u017cany ty\u0142<\/li>\n<li>wysoka st\u00f3jka z polarem<\/li>\n<li>elementy odblaskowe<\/li>\n<li>masywny, kostkowy zamek<\/li>\n<li>listwa zabezpieczaj\u0105ca zamek<\/li>\n<li>6 kieszeni, z czego 4 na zamek<\/li>\n<li>regulacja w pasie ze stoperami z tworzywa<\/li>\n<\/ul>\n","protected":false},"excerpt":{"rendered":"<p>mocny i mi\u0119kki materia\u0142 OXFORD membrana odporna na wiatr TPU 2000mm ocieplana wype\u0142nieniem uniwersalny kr\u00f3j wiatro\u0142apy przy ramionach wyd\u0142u\u017cany ty\u0142 wysoka st\u00f3jka z polarem elementy odblaskowe masywny, kostkowy zamek listwa zabezpieczaj\u0105ca zamek 6 kieszeni, z czego 4 na zamek regulacja w pasie ze stoperami z tworzywa<\/p>\n","protected":false},"featured_media":21168,"comment_status":"closed","ping_status":"open","template":"","meta":[],"product_brand":[416],"product_cat":[731,732,440],"product_tag":[],"class_list":{"0":"post-16528","1":"product","2":"type-product","3":"status-publish","4":"has-post-thumbnail","6":"product_brand-stalco","7":"product_cat-kamizelki","8":"product_cat-kamizelki-robocze-ocieplane","9":"product_cat-odziez-robocza","10":"pa_kolor-granatowy","11":"pa_producent-stalco","12":"pa_rozmiar-2xl","13":"pa_rozmiar-3xl","14":"pa_rozmiar-l","15":"pa_rozmiar-m","16":"pa_rozmiar-s","17":"pa_rozmiar-xl","18":"pa_waga-0-48","19":"pa_waga-0-59","20":"pa_waga-0-608","21":"pa_waga-0-62","22":"pa_waga-0-625","23":"pa_waga-0-66","25":"first","26":"instock","27":"shipping-taxable","28":"purchasable","29":"product-type-variable","30":"has-default-attributes"},"_links":{"self":[{"href":"https:\/\/asbhp.pl\/index.php?rest_route=\/wp\/v2\/product\/16528","targetHints":{"allow":["GET"]}}],"collection":[{"href":"https:\/\/asbhp.pl\/index.php?rest_route=\/wp\/v2\/product"}],"about":[{"href":"https:\/\/asbhp.pl\/index.php?rest_route=\/wp\/v2\/types\/product"}],"replies":[{"embeddable":true,"href":"https:\/\/asbhp.pl\/index.php?rest_route=%2Fwp%2Fv2%2Fcomments&post=16528"}],"wp:featuredmedia":[{"embeddable":true,"href":"https:\/\/asbhp.pl\/index.php?rest_route=\/wp\/v2\/media\/21168"}],"wp:attachment":[{"href":"https:\/\/asbhp.pl\/index.php?rest_route=%2Fwp%2Fv2%2Fmedia&parent=16528"}],"wp:term":[{"taxonomy":"product_brand","embeddable":true,"href":"https:\/\/asbhp.pl\/index.php?rest_route=%2Fwp%2Fv2%2Fproduct_brand&post=16528"},{"taxonomy":"product_cat","embeddable":true,"href":"https:\/\/asbhp.pl\/index.php?rest_route=%2Fwp%2Fv2%2Fproduct_cat&post=16528"},{"taxonomy":"product_tag","embeddable":true,"href":"https:\/\/asbhp.pl\/index.php?rest_route=%2Fwp%2Fv2%2Fproduct_tag&post=16528"}],"curies":[{"name":"wp","href":"https:\/\/api.w.org\/{rel}","templated":true}]}}