{"id":1653,"date":"2019-09-24T20:48:22","date_gmt":"2019-09-24T18:48:22","guid":{"rendered":"http:\/\/www.asbhp.pl\/produkt\/opakowanie-10-par-wkuadek-przeciwhauasowych-wielokrotnego-uuytku-z-silikonu\/"},"modified":"2025-10-11T22:24:17","modified_gmt":"2025-10-11T20:24:17","slug":"opakowanie-10-par-wkuadek-przeciwhauasowych-wielokrotnego-uuytku-z-silikonu","status":"publish","type":"product","link":"https:\/\/asbhp.pl\/?product=opakowanie-10-par-wkuadek-przeciwhauasowych-wielokrotnego-uuytku-z-silikonu","title":{"rendered":"OPAKOWANIE 10 PAR WK\u0141ADEK PRZECIWHA\u0141ASOWYCH WIELOKROTNEGO U\u017bYTKU Z SILIKONU"},"content":{"rendered":"","protected":false},"excerpt":{"rendered":"<p>OPAKOWANIE 10 PAR WK\u0141ADEK PRZECIWHA\u0141ASOWYCH WIELOKROTNEGO U\u017bYTKU Z SILIKONU<\/p>\n","protected":false},"featured_media":1654,"comment_status":"closed","ping_status":"closed","template":"","meta":[],"product_brand":[],"product_cat":[1016,1111],"product_tag":[106],"class_list":{"0":"post-1653","1":"product","2":"type-product","3":"status-publish","4":"has-post-thumbnail","6":"product_cat-ochrona-sluchu","7":"product_cat-zatyczki","8":"product_tag-deltaplus","10":"first","11":"instock","12":"purchasable","13":"product-type-simple"},"_links":{"self":[{"href":"https:\/\/asbhp.pl\/index.php?rest_route=\/wp\/v2\/product\/1653","targetHints":{"allow":["GET"]}}],"collection":[{"href":"https:\/\/asbhp.pl\/index.php?rest_route=\/wp\/v2\/product"}],"about":[{"href":"https:\/\/asbhp.pl\/index.php?rest_route=\/wp\/v2\/types\/product"}],"replies":[{"embeddable":true,"href":"https:\/\/asbhp.pl\/index.php?rest_route=%2Fwp%2Fv2%2Fcomments&post=1653"}],"wp:featuredmedia":[{"embeddable":true,"href":"https:\/\/asbhp.pl\/index.php?rest_route=\/wp\/v2\/media\/1654"}],"wp:attachment":[{"href":"https:\/\/asbhp.pl\/index.php?rest_route=%2Fwp%2Fv2%2Fmedia&parent=1653"}],"wp:term":[{"taxonomy":"product_brand","embeddable":true,"href":"https:\/\/asbhp.pl\/index.php?rest_route=%2Fwp%2Fv2%2Fproduct_brand&post=1653"},{"taxonomy":"product_cat","embeddable":true,"href":"https:\/\/asbhp.pl\/index.php?rest_route=%2Fwp%2Fv2%2Fproduct_cat&post=1653"},{"taxonomy":"product_tag","embeddable":true,"href":"https:\/\/asbhp.pl\/index.php?rest_route=%2Fwp%2Fv2%2Fproduct_tag&post=1653"}],"curies":[{"name":"wp","href":"https:\/\/api.w.org\/{rel}","templated":true}]}}