{"id":16552,"date":"2025-10-10T09:06:52","date_gmt":"2025-10-10T07:06:52","guid":{"rendered":"https:\/\/asbhp.pl\/produkt\/kamizelka-softshell-meska-hawk\/"},"modified":"2025-10-10T09:07:04","modified_gmt":"2025-10-10T07:07:04","slug":"s-szary-22","status":"publish","type":"product","link":"https:\/\/asbhp.pl\/?product=s-szary-22","title":{"rendered":"S Szary"},"content":{"rendered":"<ul>\n<li>materia\u0142 softshellowy<\/li>\n<li>termoizolacja<\/li>\n<li>elastyczny materia\u0142<\/li>\n<li>st\u00f3jka<\/li>\n<li>elementy kontrastowe<\/li>\n<li>zamek strunowy kryty<\/li>\n<li>2 kieszenie na zamek w pasie<\/li>\n<li>wyd\u0142u\u017cany ty\u0142<\/li>\n<\/ul>\n","protected":false},"excerpt":{"rendered":"<p>materia\u0142 softshellowy termoizolacja elastyczny materia\u0142 st\u00f3jka elementy kontrastowe zamek strunowy kryty 2 kieszenie na zamek w pasie wyd\u0142u\u017cany ty\u0142<\/p>\n","protected":false},"featured_media":21171,"comment_status":"closed","ping_status":"open","template":"","meta":[],"product_brand":[483],"product_cat":[731,735,440],"product_tag":[],"class_list":{"0":"post-16552","1":"product","2":"type-product","3":"status-publish","4":"has-post-thumbnail","6":"product_brand-stalco-perfect","7":"product_cat-kamizelki","8":"product_cat-kamizelki-robocze","9":"product_cat-odziez-robocza","10":"pa_kolor-szary","11":"pa_producent-stalco-perfect","12":"pa_rozmiar-2xl","13":"pa_rozmiar-l","14":"pa_rozmiar-m","15":"pa_rozmiar-s","16":"pa_rozmiar-xl","17":"pa_waga-0-452","18":"pa_waga-0-476","19":"pa_waga-0-49","20":"pa_waga-0-51","21":"pa_waga-0-534","23":"first","24":"instock","25":"shipping-taxable","26":"purchasable","27":"product-type-variable","28":"has-default-attributes"},"_links":{"self":[{"href":"https:\/\/asbhp.pl\/index.php?rest_route=\/wp\/v2\/product\/16552","targetHints":{"allow":["GET"]}}],"collection":[{"href":"https:\/\/asbhp.pl\/index.php?rest_route=\/wp\/v2\/product"}],"about":[{"href":"https:\/\/asbhp.pl\/index.php?rest_route=\/wp\/v2\/types\/product"}],"replies":[{"embeddable":true,"href":"https:\/\/asbhp.pl\/index.php?rest_route=%2Fwp%2Fv2%2Fcomments&post=16552"}],"wp:featuredmedia":[{"embeddable":true,"href":"https:\/\/asbhp.pl\/index.php?rest_route=\/wp\/v2\/media\/21171"}],"wp:attachment":[{"href":"https:\/\/asbhp.pl\/index.php?rest_route=%2Fwp%2Fv2%2Fmedia&parent=16552"}],"wp:term":[{"taxonomy":"product_brand","embeddable":true,"href":"https:\/\/asbhp.pl\/index.php?rest_route=%2Fwp%2Fv2%2Fproduct_brand&post=16552"},{"taxonomy":"product_cat","embeddable":true,"href":"https:\/\/asbhp.pl\/index.php?rest_route=%2Fwp%2Fv2%2Fproduct_cat&post=16552"},{"taxonomy":"product_tag","embeddable":true,"href":"https:\/\/asbhp.pl\/index.php?rest_route=%2Fwp%2Fv2%2Fproduct_tag&post=16552"}],"curies":[{"name":"wp","href":"https:\/\/api.w.org\/{rel}","templated":true}]}}