{"id":16588,"date":"2025-10-10T09:06:39","date_gmt":"2025-10-10T07:06:39","guid":{"rendered":"https:\/\/asbhp.pl\/produkt\/plaszcz-przeciwdeszczowy-bremen-zolty-m\/"},"modified":"2025-10-10T09:07:04","modified_gmt":"2025-10-10T07:07:04","slug":"m-zolty","status":"publish","type":"product","link":"https:\/\/asbhp.pl\/?product=m-zolty","title":{"rendered":"M \u017b\u00f3\u0142ty"},"content":{"rendered":"<ul>\n<li>d\u0142ugo\u015b\u0107 poni\u017cej kolan\n<li>kaptur \u015bci\u0105gany troczkiem\n<li>zamek zabezpieczony listw\u0105 na zatrzask\n<li>du\u017ce kieszenie zabezpieczone patkami<\/ul>\n","protected":false},"excerpt":{"rendered":"<p>d\u0142ugo\u015b\u0107 poni\u017cej kolan kaptur \u015bci\u0105gany troczkiem zamek zabezpieczony listw\u0105 na zatrzask du\u017ce kieszenie zabezpieczone patkami<\/p>\n","protected":false},"featured_media":21153,"comment_status":"closed","ping_status":"open","template":"","meta":[],"product_brand":[416],"product_cat":[440,722],"product_tag":[],"class_list":{"0":"post-16588","1":"product","2":"type-product","3":"status-publish","4":"has-post-thumbnail","6":"product_brand-stalco","7":"product_cat-odziez-robocza","8":"product_cat-plaszcze-przeciwdeszczowe","9":"pa_kolor-zolty","10":"pa_producent-stalco","11":"pa_rozmiar-2xl","12":"pa_rozmiar-3xl","13":"pa_rozmiar-l","14":"pa_rozmiar-m","15":"pa_rozmiar-xl","16":"pa_waga-0-865","17":"pa_waga-0-95","18":"pa_waga-467","19":"pa_waga-1-05","21":"first","22":"instock","23":"shipping-taxable","24":"purchasable","25":"product-type-variable","26":"has-default-attributes"},"_links":{"self":[{"href":"https:\/\/asbhp.pl\/index.php?rest_route=\/wp\/v2\/product\/16588","targetHints":{"allow":["GET"]}}],"collection":[{"href":"https:\/\/asbhp.pl\/index.php?rest_route=\/wp\/v2\/product"}],"about":[{"href":"https:\/\/asbhp.pl\/index.php?rest_route=\/wp\/v2\/types\/product"}],"replies":[{"embeddable":true,"href":"https:\/\/asbhp.pl\/index.php?rest_route=%2Fwp%2Fv2%2Fcomments&post=16588"}],"wp:featuredmedia":[{"embeddable":true,"href":"https:\/\/asbhp.pl\/index.php?rest_route=\/wp\/v2\/media\/21153"}],"wp:attachment":[{"href":"https:\/\/asbhp.pl\/index.php?rest_route=%2Fwp%2Fv2%2Fmedia&parent=16588"}],"wp:term":[{"taxonomy":"product_brand","embeddable":true,"href":"https:\/\/asbhp.pl\/index.php?rest_route=%2Fwp%2Fv2%2Fproduct_brand&post=16588"},{"taxonomy":"product_cat","embeddable":true,"href":"https:\/\/asbhp.pl\/index.php?rest_route=%2Fwp%2Fv2%2Fproduct_cat&post=16588"},{"taxonomy":"product_tag","embeddable":true,"href":"https:\/\/asbhp.pl\/index.php?rest_route=%2Fwp%2Fv2%2Fproduct_tag&post=16588"}],"curies":[{"name":"wp","href":"https:\/\/api.w.org\/{rel}","templated":true}]}}