{"id":16712,"date":"2025-10-10T09:06:52","date_gmt":"2025-10-10T07:06:52","guid":{"rendered":"https:\/\/asbhp.pl\/produkt\/bielizna-termoaktywna-koszulka-meska-skyline\/"},"modified":"2025-10-10T09:07:18","modified_gmt":"2025-10-10T07:07:18","slug":"s-czarny-17","status":"publish","type":"product","link":"https:\/\/asbhp.pl\/?product=s-czarny-17","title":{"rendered":"S Czarny"},"content":{"rendered":"<ul>\n<li>koszulka z d\u0142ugim r\u0119kawem<\/li>\n<li>dopasowany kr\u00f3j<\/li>\n<li>termoaktywno\u015b\u0107<\/li>\n<li>dekolt okr\u0105g\u0142y<\/li>\n<li>szwy p\u0142askie, technologia Autolap<\/li>\n<li>szybkoschn\u0105ca<\/li>\n<\/ul>\n","protected":false},"excerpt":{"rendered":"<p>koszulka z d\u0142ugim r\u0119kawem dopasowany kr\u00f3j termoaktywno\u015b\u0107 dekolt okr\u0105g\u0142y szwy p\u0142askie, technologia Autolap szybkoschn\u0105ca<\/p>\n","protected":false},"featured_media":21216,"comment_status":"closed","ping_status":"open","template":"","meta":[],"product_brand":[416],"product_cat":[752,753,440],"product_tag":[],"class_list":{"0":"post-16712","1":"product","2":"type-product","3":"status-publish","4":"has-post-thumbnail","6":"product_brand-stalco","7":"product_cat-bielizna-i-skarpety","8":"product_cat-bielizna-termofunkcyjna-robocza","9":"product_cat-odziez-robocza","10":"pa_kolor-czarny","11":"pa_producent-stalco","12":"pa_rozmiar-2xl","13":"pa_rozmiar-3xl","14":"pa_rozmiar-4xl","15":"pa_rozmiar-l","16":"pa_rozmiar-m","17":"pa_rozmiar-s","18":"pa_rozmiar-xl","19":"pa_waga-0-25","20":"pa_waga-0-26","21":"pa_waga-0-27","22":"pa_waga-0-28","23":"pa_waga-0-3","24":"pa_waga-0-31","25":"pa_waga-0-33","27":"first","28":"instock","29":"shipping-taxable","30":"purchasable","31":"product-type-variable","32":"has-default-attributes"},"_links":{"self":[{"href":"https:\/\/asbhp.pl\/index.php?rest_route=\/wp\/v2\/product\/16712","targetHints":{"allow":["GET"]}}],"collection":[{"href":"https:\/\/asbhp.pl\/index.php?rest_route=\/wp\/v2\/product"}],"about":[{"href":"https:\/\/asbhp.pl\/index.php?rest_route=\/wp\/v2\/types\/product"}],"replies":[{"embeddable":true,"href":"https:\/\/asbhp.pl\/index.php?rest_route=%2Fwp%2Fv2%2Fcomments&post=16712"}],"wp:featuredmedia":[{"embeddable":true,"href":"https:\/\/asbhp.pl\/index.php?rest_route=\/wp\/v2\/media\/21216"}],"wp:attachment":[{"href":"https:\/\/asbhp.pl\/index.php?rest_route=%2Fwp%2Fv2%2Fmedia&parent=16712"}],"wp:term":[{"taxonomy":"product_brand","embeddable":true,"href":"https:\/\/asbhp.pl\/index.php?rest_route=%2Fwp%2Fv2%2Fproduct_brand&post=16712"},{"taxonomy":"product_cat","embeddable":true,"href":"https:\/\/asbhp.pl\/index.php?rest_route=%2Fwp%2Fv2%2Fproduct_cat&post=16712"},{"taxonomy":"product_tag","embeddable":true,"href":"https:\/\/asbhp.pl\/index.php?rest_route=%2Fwp%2Fv2%2Fproduct_tag&post=16712"}],"curies":[{"name":"wp","href":"https:\/\/api.w.org\/{rel}","templated":true}]}}