{"id":16733,"date":"2025-10-10T09:07:04","date_gmt":"2025-10-10T07:07:04","guid":{"rendered":"https:\/\/asbhp.pl\/produkt\/bielizna-termoaktywna-kalesony-skyline\/"},"modified":"2025-10-10T09:07:18","modified_gmt":"2025-10-10T07:07:18","slug":"s-czarny-18","status":"publish","type":"product","link":"https:\/\/asbhp.pl\/?product=s-czarny-18","title":{"rendered":"S Czarny"},"content":{"rendered":"<ul>\n<li>kalesony \/ m\u0119skie legginsy<\/li>\n<li>anatomiczny kr\u00f3j<\/li>\n<li>termoaktywno\u015b\u0107<\/li>\n<li>szeroka, mi\u0119kka guma w pasie<\/li>\n<li>szwy p\u0142askie, elastyczne, Autolap<\/li>\n<li>szybkoschn\u0105ce<\/li>\n<\/ul>\n","protected":false},"excerpt":{"rendered":"<p>kalesony \/ m\u0119skie legginsy anatomiczny kr\u00f3j termoaktywno\u015b\u0107 szeroka, mi\u0119kka guma w pasie szwy p\u0142askie, elastyczne, Autolap szybkoschn\u0105ce<\/p>\n","protected":false},"featured_media":21227,"comment_status":"closed","ping_status":"open","template":"","meta":[],"product_brand":[416],"product_cat":[752,753,440],"product_tag":[],"class_list":{"0":"post-16733","1":"product","2":"type-product","3":"status-publish","4":"has-post-thumbnail","6":"product_brand-stalco","7":"product_cat-bielizna-i-skarpety","8":"product_cat-bielizna-termofunkcyjna-robocza","9":"product_cat-odziez-robocza","10":"pa_kolor-czarny","11":"pa_producent-stalco","12":"pa_rozmiar-2xl","13":"pa_rozmiar-3xl","14":"pa_rozmiar-4xl","15":"pa_rozmiar-l","16":"pa_rozmiar-m","17":"pa_rozmiar-s","18":"pa_rozmiar-xl","19":"pa_waga-0-23","20":"pa_waga-0-24","21":"pa_waga-0-27","22":"pa_waga-0-28","23":"pa_waga-0-29","25":"first","26":"instock","27":"shipping-taxable","28":"purchasable","29":"product-type-variable","30":"has-default-attributes"},"_links":{"self":[{"href":"https:\/\/asbhp.pl\/index.php?rest_route=\/wp\/v2\/product\/16733","targetHints":{"allow":["GET"]}}],"collection":[{"href":"https:\/\/asbhp.pl\/index.php?rest_route=\/wp\/v2\/product"}],"about":[{"href":"https:\/\/asbhp.pl\/index.php?rest_route=\/wp\/v2\/types\/product"}],"replies":[{"embeddable":true,"href":"https:\/\/asbhp.pl\/index.php?rest_route=%2Fwp%2Fv2%2Fcomments&post=16733"}],"wp:featuredmedia":[{"embeddable":true,"href":"https:\/\/asbhp.pl\/index.php?rest_route=\/wp\/v2\/media\/21227"}],"wp:attachment":[{"href":"https:\/\/asbhp.pl\/index.php?rest_route=%2Fwp%2Fv2%2Fmedia&parent=16733"}],"wp:term":[{"taxonomy":"product_brand","embeddable":true,"href":"https:\/\/asbhp.pl\/index.php?rest_route=%2Fwp%2Fv2%2Fproduct_brand&post=16733"},{"taxonomy":"product_cat","embeddable":true,"href":"https:\/\/asbhp.pl\/index.php?rest_route=%2Fwp%2Fv2%2Fproduct_cat&post=16733"},{"taxonomy":"product_tag","embeddable":true,"href":"https:\/\/asbhp.pl\/index.php?rest_route=%2Fwp%2Fv2%2Fproduct_tag&post=16733"}],"curies":[{"name":"wp","href":"https:\/\/api.w.org\/{rel}","templated":true}]}}