{"id":16763,"date":"2025-10-10T09:07:04","date_gmt":"2025-10-10T07:07:04","guid":{"rendered":"https:\/\/asbhp.pl\/produkt\/bielizna-termoaktywna-koszulka-meska-jack-m\/"},"modified":"2025-10-10T09:07:18","modified_gmt":"2025-10-10T07:07:18","slug":"s-szary-23","status":"publish","type":"product","link":"https:\/\/asbhp.pl\/?product=s-szary-23","title":{"rendered":"S Szary"},"content":{"rendered":"<ul>\n<li>idealnie dopasowuje si\u0119 do kszta\u0142tu cia\u0142a\n<li>p\u0142askie szwy minimalizuj\u0105 dyskomfort i ryzyko otar\u0107\n<li>nowoczesne w\u0142\u00f3kno odprowadza pot ze sk\u00f3ry zapewniaj\u0105c uczucie komfortu w trakcie u\u017cytkowania<\/ul>\n","protected":false},"excerpt":{"rendered":"<p>idealnie dopasowuje si\u0119 do kszta\u0142tu cia\u0142a p\u0142askie szwy minimalizuj\u0105 dyskomfort i ryzyko otar\u0107 nowoczesne w\u0142\u00f3kno odprowadza pot ze sk\u00f3ry zapewniaj\u0105c uczucie komfortu w trakcie u\u017cytkowania<\/p>\n","protected":false},"featured_media":21238,"comment_status":"closed","ping_status":"open","template":"","meta":[],"product_brand":[483],"product_cat":[752,753,440],"product_tag":[],"class_list":{"0":"post-16763","1":"product","2":"type-product","3":"status-publish","4":"has-post-thumbnail","6":"product_brand-stalco-perfect","7":"product_cat-bielizna-i-skarpety","8":"product_cat-bielizna-termofunkcyjna-robocza","9":"product_cat-odziez-robocza","10":"pa_kolor-szary","11":"pa_producent-stalco-perfect","12":"pa_rozmiar-2xl","13":"pa_rozmiar-3xl","14":"pa_rozmiar-l","15":"pa_rozmiar-m","16":"pa_rozmiar-s","17":"pa_rozmiar-xl","18":"pa_waga-0-3","19":"pa_waga-0-32","20":"pa_waga-0-34","21":"pa_waga-0-35","22":"pa_waga-0-36","23":"pa_waga-0-39","25":"first","26":"instock","27":"shipping-taxable","28":"purchasable","29":"product-type-variable","30":"has-default-attributes"},"_links":{"self":[{"href":"https:\/\/asbhp.pl\/index.php?rest_route=\/wp\/v2\/product\/16763","targetHints":{"allow":["GET"]}}],"collection":[{"href":"https:\/\/asbhp.pl\/index.php?rest_route=\/wp\/v2\/product"}],"about":[{"href":"https:\/\/asbhp.pl\/index.php?rest_route=\/wp\/v2\/types\/product"}],"replies":[{"embeddable":true,"href":"https:\/\/asbhp.pl\/index.php?rest_route=%2Fwp%2Fv2%2Fcomments&post=16763"}],"wp:featuredmedia":[{"embeddable":true,"href":"https:\/\/asbhp.pl\/index.php?rest_route=\/wp\/v2\/media\/21238"}],"wp:attachment":[{"href":"https:\/\/asbhp.pl\/index.php?rest_route=%2Fwp%2Fv2%2Fmedia&parent=16763"}],"wp:term":[{"taxonomy":"product_brand","embeddable":true,"href":"https:\/\/asbhp.pl\/index.php?rest_route=%2Fwp%2Fv2%2Fproduct_brand&post=16763"},{"taxonomy":"product_cat","embeddable":true,"href":"https:\/\/asbhp.pl\/index.php?rest_route=%2Fwp%2Fv2%2Fproduct_cat&post=16763"},{"taxonomy":"product_tag","embeddable":true,"href":"https:\/\/asbhp.pl\/index.php?rest_route=%2Fwp%2Fv2%2Fproduct_tag&post=16763"}],"curies":[{"name":"wp","href":"https:\/\/api.w.org\/{rel}","templated":true}]}}