{"id":16823,"date":"2025-10-10T09:07:04","date_gmt":"2025-10-10T07:07:04","guid":{"rendered":"https:\/\/asbhp.pl\/produkt\/skarpety-fresh\/"},"modified":"2025-10-10T09:07:19","modified_gmt":"2025-10-10T07:07:19","slug":"szary-35-38","status":"publish","type":"product","link":"https:\/\/asbhp.pl\/?product=szary-35-38","title":{"rendered":"Szary 35-38"},"content":{"rendered":"<ul>\n<li>skarpety ponad kostk\u0119<\/li>\n<li>g\u0142adki szew na palcach<\/li>\n<li>dodatkowa wentylacja<\/li>\n<li>elastyczne i dopasowuj\u0105ce si\u0119 do stopy<\/li>\n<li>wyko\u0144czone wewn\u0105trz frotte<\/li>\n<\/ul>\n","protected":false},"excerpt":{"rendered":"<p>skarpety ponad kostk\u0119 g\u0142adki szew na palcach dodatkowa wentylacja elastyczne i dopasowuj\u0105ce si\u0119 do stopy wyko\u0144czone wewn\u0105trz frotte<\/p>\n","protected":false},"featured_media":21309,"comment_status":"closed","ping_status":"open","template":"","meta":[],"product_brand":[416],"product_cat":[752,440,763],"product_tag":[],"class_list":{"0":"post-16823","1":"product","2":"type-product","3":"status-publish","4":"has-post-thumbnail","6":"product_brand-stalco","7":"product_cat-bielizna-i-skarpety","8":"product_cat-odziez-robocza","9":"product_cat-skarpety-robocze","10":"pa_kolor-czarny","11":"pa_kolor-szary","12":"pa_producent-stalco","13":"pa_rozmiar-35-38","14":"pa_rozmiar-39-41","15":"pa_rozmiar-42-44","16":"pa_rozmiar-45-47","17":"pa_waga-0-14","18":"pa_waga-0-15","19":"pa_waga-0-16","21":"first","22":"instock","23":"shipping-taxable","24":"purchasable","25":"product-type-variable","26":"has-default-attributes"},"_links":{"self":[{"href":"https:\/\/asbhp.pl\/index.php?rest_route=\/wp\/v2\/product\/16823","targetHints":{"allow":["GET"]}}],"collection":[{"href":"https:\/\/asbhp.pl\/index.php?rest_route=\/wp\/v2\/product"}],"about":[{"href":"https:\/\/asbhp.pl\/index.php?rest_route=\/wp\/v2\/types\/product"}],"replies":[{"embeddable":true,"href":"https:\/\/asbhp.pl\/index.php?rest_route=%2Fwp%2Fv2%2Fcomments&post=16823"}],"wp:featuredmedia":[{"embeddable":true,"href":"https:\/\/asbhp.pl\/index.php?rest_route=\/wp\/v2\/media\/21309"}],"wp:attachment":[{"href":"https:\/\/asbhp.pl\/index.php?rest_route=%2Fwp%2Fv2%2Fmedia&parent=16823"}],"wp:term":[{"taxonomy":"product_brand","embeddable":true,"href":"https:\/\/asbhp.pl\/index.php?rest_route=%2Fwp%2Fv2%2Fproduct_brand&post=16823"},{"taxonomy":"product_cat","embeddable":true,"href":"https:\/\/asbhp.pl\/index.php?rest_route=%2Fwp%2Fv2%2Fproduct_cat&post=16823"},{"taxonomy":"product_tag","embeddable":true,"href":"https:\/\/asbhp.pl\/index.php?rest_route=%2Fwp%2Fv2%2Fproduct_tag&post=16823"}],"curies":[{"name":"wp","href":"https:\/\/api.w.org\/{rel}","templated":true}]}}