{"id":16839,"date":"2025-10-10T09:07:04","date_gmt":"2025-10-10T07:07:04","guid":{"rendered":"https:\/\/asbhp.pl\/produkt\/skarpety-django\/"},"modified":"2025-10-10T09:07:19","modified_gmt":"2025-10-10T07:07:19","slug":"czarny-35-38","status":"publish","type":"product","link":"https:\/\/asbhp.pl\/?product=czarny-35-38","title":{"rendered":"Czarny 35-38"},"content":{"rendered":"<ul>\n<li>wysokie skarpety<\/li>\n<li>zawarto\u015b\u0107 COOLMAX<\/li>\n<li>wysoka zawarto\u015b\u0107 bawe\u0142ny<\/li>\n<li>idealne dopasowuj\u0105ce si\u0119<\/li>\n<li>wentylacja od g\u00f3ry<\/li>\n<li>wyko\u0144czone wewn\u0105trz spodu frotte<\/li>\n<\/ul>\n","protected":false},"excerpt":{"rendered":"<p>wysokie skarpety zawarto\u015b\u0107 COOLMAX wysoka zawarto\u015b\u0107 bawe\u0142ny idealne dopasowuj\u0105ce si\u0119 wentylacja od g\u00f3ry wyko\u0144czone wewn\u0105trz spodu frotte<\/p>\n","protected":false},"featured_media":21317,"comment_status":"closed","ping_status":"open","template":"","meta":[],"product_brand":[483],"product_cat":[752,440,763],"product_tag":[],"class_list":{"0":"post-16839","1":"product","2":"type-product","3":"status-publish","4":"has-post-thumbnail","6":"product_brand-stalco-perfect","7":"product_cat-bielizna-i-skarpety","8":"product_cat-odziez-robocza","9":"product_cat-skarpety-robocze","10":"pa_kolor-czarny","11":"pa_producent-stalco-perfect","12":"pa_rozmiar-35-38","13":"pa_rozmiar-39-41","14":"pa_rozmiar-42-44","15":"pa_rozmiar-45-47","16":"pa_waga-0-067","17":"pa_waga-0-068","18":"pa_waga-0-07","19":"pa_waga-0-074","21":"first","22":"instock","23":"shipping-taxable","24":"purchasable","25":"product-type-variable","26":"has-default-attributes"},"_links":{"self":[{"href":"https:\/\/asbhp.pl\/index.php?rest_route=\/wp\/v2\/product\/16839","targetHints":{"allow":["GET"]}}],"collection":[{"href":"https:\/\/asbhp.pl\/index.php?rest_route=\/wp\/v2\/product"}],"about":[{"href":"https:\/\/asbhp.pl\/index.php?rest_route=\/wp\/v2\/types\/product"}],"replies":[{"embeddable":true,"href":"https:\/\/asbhp.pl\/index.php?rest_route=%2Fwp%2Fv2%2Fcomments&post=16839"}],"wp:featuredmedia":[{"embeddable":true,"href":"https:\/\/asbhp.pl\/index.php?rest_route=\/wp\/v2\/media\/21317"}],"wp:attachment":[{"href":"https:\/\/asbhp.pl\/index.php?rest_route=%2Fwp%2Fv2%2Fmedia&parent=16839"}],"wp:term":[{"taxonomy":"product_brand","embeddable":true,"href":"https:\/\/asbhp.pl\/index.php?rest_route=%2Fwp%2Fv2%2Fproduct_brand&post=16839"},{"taxonomy":"product_cat","embeddable":true,"href":"https:\/\/asbhp.pl\/index.php?rest_route=%2Fwp%2Fv2%2Fproduct_cat&post=16839"},{"taxonomy":"product_tag","embeddable":true,"href":"https:\/\/asbhp.pl\/index.php?rest_route=%2Fwp%2Fv2%2Fproduct_tag&post=16839"}],"curies":[{"name":"wp","href":"https:\/\/api.w.org\/{rel}","templated":true}]}}