{"id":16889,"date":"2025-10-10T09:07:19","date_gmt":"2025-10-10T07:07:19","guid":{"rendered":"https:\/\/asbhp.pl\/produkt\/czapka-zimowa-uszatka-cork\/"},"modified":"2025-10-11T19:49:38","modified_gmt":"2025-10-11T17:49:38","slug":"czarny","status":"publish","type":"product","link":"https:\/\/asbhp.pl\/?product=czarny","title":{"rendered":"Czapka ocieplana uszatka"},"content":{"rendered":"<ul>\n<li>nieprzemakalna tkanina wierzchnia<\/li>\n<li>ca\u0142o\u015b\u0107 ocieplona futrem<\/li>\n<li>praktyczne nauszniki zapinane pod brod\u0105<\/li>\n<\/ul>\n","protected":false},"excerpt":{"rendered":"<p>nieprzemakalna tkanina wierzchnia ca\u0142o\u015b\u0107 ocieplona futrem praktyczne nauszniki zapinane pod brod\u0105<\/p>\n","protected":false},"featured_media":21348,"comment_status":"closed","ping_status":"closed","template":"","meta":[],"product_brand":[416],"product_cat":[776],"product_tag":[],"class_list":{"0":"post-16889","1":"product","2":"type-product","3":"status-publish","4":"has-post-thumbnail","6":"product_brand-stalco","7":"product_cat-czapki","8":"pa_producent-stalco","9":"pa_waga-0-06","11":"first","12":"instock","13":"shipping-taxable","14":"purchasable","15":"product-type-simple"},"_links":{"self":[{"href":"https:\/\/asbhp.pl\/index.php?rest_route=\/wp\/v2\/product\/16889","targetHints":{"allow":["GET"]}}],"collection":[{"href":"https:\/\/asbhp.pl\/index.php?rest_route=\/wp\/v2\/product"}],"about":[{"href":"https:\/\/asbhp.pl\/index.php?rest_route=\/wp\/v2\/types\/product"}],"replies":[{"embeddable":true,"href":"https:\/\/asbhp.pl\/index.php?rest_route=%2Fwp%2Fv2%2Fcomments&post=16889"}],"wp:featuredmedia":[{"embeddable":true,"href":"https:\/\/asbhp.pl\/index.php?rest_route=\/wp\/v2\/media\/21348"}],"wp:attachment":[{"href":"https:\/\/asbhp.pl\/index.php?rest_route=%2Fwp%2Fv2%2Fmedia&parent=16889"}],"wp:term":[{"taxonomy":"product_brand","embeddable":true,"href":"https:\/\/asbhp.pl\/index.php?rest_route=%2Fwp%2Fv2%2Fproduct_brand&post=16889"},{"taxonomy":"product_cat","embeddable":true,"href":"https:\/\/asbhp.pl\/index.php?rest_route=%2Fwp%2Fv2%2Fproduct_cat&post=16889"},{"taxonomy":"product_tag","embeddable":true,"href":"https:\/\/asbhp.pl\/index.php?rest_route=%2Fwp%2Fv2%2Fproduct_tag&post=16889"}],"curies":[{"name":"wp","href":"https:\/\/api.w.org\/{rel}","templated":true}]}}