{"id":16891,"date":"2025-10-10T09:07:19","date_gmt":"2025-10-10T07:07:19","guid":{"rendered":"https:\/\/asbhp.pl\/produkt\/czapka-zimowa-alaska\/"},"modified":"2025-10-11T19:49:38","modified_gmt":"2025-10-11T17:49:38","slug":"one-size-czarny","status":"publish","type":"product","link":"https:\/\/asbhp.pl\/?product=one-size-czarny","title":{"rendered":"ONE SIZE Czarny"},"content":{"rendered":"<ul>\n<li>\u015bci\u0105gaczowy splot zapewniaj\u0105cy doskona\u0142e dopasowanie do kszta\u0142tu i obwodu g\u0142owy\n<li>dodatkowe podszycie polarem\n<li>wywijany brzeg<\/ul>\n","protected":false},"excerpt":{"rendered":"<p>\u015bci\u0105gaczowy splot zapewniaj\u0105cy doskona\u0142e dopasowanie do kszta\u0142tu i obwodu g\u0142owy dodatkowe podszycie polarem wywijany brzeg<\/p>\n","protected":false},"featured_media":21350,"comment_status":"closed","ping_status":"open","template":"","meta":[],"product_brand":[416],"product_cat":[776],"product_tag":[],"class_list":{"0":"post-16891","1":"product","2":"type-product","3":"status-publish","4":"has-post-thumbnail","6":"product_brand-stalco","7":"product_cat-czapki","8":"pa_kolor-czarny","9":"pa_producent-stalco","10":"pa_rozmiar-one-size","11":"pa_waga-0-129","13":"first","14":"instock","15":"shipping-taxable","16":"purchasable","17":"product-type-simple"},"_links":{"self":[{"href":"https:\/\/asbhp.pl\/index.php?rest_route=\/wp\/v2\/product\/16891","targetHints":{"allow":["GET"]}}],"collection":[{"href":"https:\/\/asbhp.pl\/index.php?rest_route=\/wp\/v2\/product"}],"about":[{"href":"https:\/\/asbhp.pl\/index.php?rest_route=\/wp\/v2\/types\/product"}],"replies":[{"embeddable":true,"href":"https:\/\/asbhp.pl\/index.php?rest_route=%2Fwp%2Fv2%2Fcomments&post=16891"}],"wp:featuredmedia":[{"embeddable":true,"href":"https:\/\/asbhp.pl\/index.php?rest_route=\/wp\/v2\/media\/21350"}],"wp:attachment":[{"href":"https:\/\/asbhp.pl\/index.php?rest_route=%2Fwp%2Fv2%2Fmedia&parent=16891"}],"wp:term":[{"taxonomy":"product_brand","embeddable":true,"href":"https:\/\/asbhp.pl\/index.php?rest_route=%2Fwp%2Fv2%2Fproduct_brand&post=16891"},{"taxonomy":"product_cat","embeddable":true,"href":"https:\/\/asbhp.pl\/index.php?rest_route=%2Fwp%2Fv2%2Fproduct_cat&post=16891"},{"taxonomy":"product_tag","embeddable":true,"href":"https:\/\/asbhp.pl\/index.php?rest_route=%2Fwp%2Fv2%2Fproduct_tag&post=16891"}],"curies":[{"name":"wp","href":"https:\/\/api.w.org\/{rel}","templated":true}]}}