{"id":16907,"date":"2025-10-10T09:07:19","date_gmt":"2025-10-10T07:07:19","guid":{"rendered":"https:\/\/asbhp.pl\/produkt\/czapka-zimowa-olo\/"},"modified":"2025-10-11T19:49:38","modified_gmt":"2025-10-11T17:49:38","slug":"czarny-2","status":"publish","type":"product","link":"https:\/\/asbhp.pl\/?product=czarny-2","title":{"rendered":"Czapka zimowa"},"content":{"rendered":"<ul>\n<li>solidna, g\u0119sto dziana prz\u0119dza<\/li>\n<li>podw\u00f3jny materia\u0142<\/li>\n<li>kolor czarny, idealna pod logowanie haftem<\/li>\n<li>opakowanie &#8211; woreczek i haczyk<\/li>\n<li>rozmiar uniwersalny 54-62<\/li>\n<\/ul>\n","protected":false},"excerpt":{"rendered":"<p>solidna, g\u0119sto dziana prz\u0119dza podw\u00f3jny materia\u0142 kolor czarny, idealna pod logowanie haftem opakowanie &#8211; woreczek i haczyk rozmiar uniwersalny 54-62<\/p>\n","protected":false},"featured_media":21363,"comment_status":"closed","ping_status":"closed","template":"","meta":[],"product_brand":[416],"product_cat":[776],"product_tag":[],"class_list":{"0":"post-16907","1":"product","2":"type-product","3":"status-publish","4":"has-post-thumbnail","6":"product_brand-stalco","7":"product_cat-czapki","8":"pa_producent-stalco","9":"pa_waga-0-082","11":"first","12":"instock","13":"shipping-taxable","14":"purchasable","15":"product-type-simple"},"_links":{"self":[{"href":"https:\/\/asbhp.pl\/index.php?rest_route=\/wp\/v2\/product\/16907","targetHints":{"allow":["GET"]}}],"collection":[{"href":"https:\/\/asbhp.pl\/index.php?rest_route=\/wp\/v2\/product"}],"about":[{"href":"https:\/\/asbhp.pl\/index.php?rest_route=\/wp\/v2\/types\/product"}],"replies":[{"embeddable":true,"href":"https:\/\/asbhp.pl\/index.php?rest_route=%2Fwp%2Fv2%2Fcomments&post=16907"}],"wp:featuredmedia":[{"embeddable":true,"href":"https:\/\/asbhp.pl\/index.php?rest_route=\/wp\/v2\/media\/21363"}],"wp:attachment":[{"href":"https:\/\/asbhp.pl\/index.php?rest_route=%2Fwp%2Fv2%2Fmedia&parent=16907"}],"wp:term":[{"taxonomy":"product_brand","embeddable":true,"href":"https:\/\/asbhp.pl\/index.php?rest_route=%2Fwp%2Fv2%2Fproduct_brand&post=16907"},{"taxonomy":"product_cat","embeddable":true,"href":"https:\/\/asbhp.pl\/index.php?rest_route=%2Fwp%2Fv2%2Fproduct_cat&post=16907"},{"taxonomy":"product_tag","embeddable":true,"href":"https:\/\/asbhp.pl\/index.php?rest_route=%2Fwp%2Fv2%2Fproduct_tag&post=16907"}],"curies":[{"name":"wp","href":"https:\/\/api.w.org\/{rel}","templated":true}]}}