{"id":16918,"date":"2025-10-10T09:07:19","date_gmt":"2025-10-10T07:07:19","guid":{"rendered":"https:\/\/asbhp.pl\/produkt\/czapka-z-daszkiem-pique\/"},"modified":"2025-10-11T19:49:38","modified_gmt":"2025-10-11T17:49:38","slug":"one-size-czarny-2","status":"publish","type":"product","link":"https:\/\/asbhp.pl\/?product=one-size-czarny-2","title":{"rendered":"ONE SIZE Czarny"},"content":{"rendered":"<ul>\n<li>po\u0142\u0105czenie ortalionu z polarow\u0105 warstw\u0105 wewn\u0119trzn\u0105\n<li>usztywniany daszek\n<li>praktyczne ocieplane nauszniki chowane do \u015brodka\n<li>idealna r\u00f3wnie\u017c do u\u017cytku codziennego<\/ul>\n","protected":false},"excerpt":{"rendered":"<p>po\u0142\u0105czenie ortalionu z polarow\u0105 warstw\u0105 wewn\u0119trzn\u0105 usztywniany daszek praktyczne ocieplane nauszniki chowane do \u015brodka idealna r\u00f3wnie\u017c do u\u017cytku codziennego<\/p>\n","protected":false},"featured_media":21371,"comment_status":"closed","ping_status":"open","template":"","meta":[],"product_brand":[416],"product_cat":[776],"product_tag":[],"class_list":{"0":"post-16918","1":"product","2":"type-product","3":"status-publish","4":"has-post-thumbnail","6":"product_brand-stalco","7":"product_cat-czapki","8":"pa_kolor-czarny","9":"pa_producent-stalco","10":"pa_rozmiar-one-size","11":"pa_waga-0-1","13":"first","14":"instock","15":"shipping-taxable","16":"purchasable","17":"product-type-simple"},"_links":{"self":[{"href":"https:\/\/asbhp.pl\/index.php?rest_route=\/wp\/v2\/product\/16918","targetHints":{"allow":["GET"]}}],"collection":[{"href":"https:\/\/asbhp.pl\/index.php?rest_route=\/wp\/v2\/product"}],"about":[{"href":"https:\/\/asbhp.pl\/index.php?rest_route=\/wp\/v2\/types\/product"}],"replies":[{"embeddable":true,"href":"https:\/\/asbhp.pl\/index.php?rest_route=%2Fwp%2Fv2%2Fcomments&post=16918"}],"wp:featuredmedia":[{"embeddable":true,"href":"https:\/\/asbhp.pl\/index.php?rest_route=\/wp\/v2\/media\/21371"}],"wp:attachment":[{"href":"https:\/\/asbhp.pl\/index.php?rest_route=%2Fwp%2Fv2%2Fmedia&parent=16918"}],"wp:term":[{"taxonomy":"product_brand","embeddable":true,"href":"https:\/\/asbhp.pl\/index.php?rest_route=%2Fwp%2Fv2%2Fproduct_brand&post=16918"},{"taxonomy":"product_cat","embeddable":true,"href":"https:\/\/asbhp.pl\/index.php?rest_route=%2Fwp%2Fv2%2Fproduct_cat&post=16918"},{"taxonomy":"product_tag","embeddable":true,"href":"https:\/\/asbhp.pl\/index.php?rest_route=%2Fwp%2Fv2%2Fproduct_tag&post=16918"}],"curies":[{"name":"wp","href":"https:\/\/api.w.org\/{rel}","templated":true}]}}