{"id":16920,"date":"2025-10-10T09:07:19","date_gmt":"2025-10-10T07:07:19","guid":{"rendered":"https:\/\/asbhp.pl\/produkt\/skarpety-hard\/"},"modified":"2025-10-10T09:07:26","modified_gmt":"2025-10-10T07:07:26","slug":"one-size-czarny-3","status":"publish","type":"product","link":"https:\/\/asbhp.pl\/?product=one-size-czarny-3","title":{"rendered":"ONE SIZE Czarny"},"content":{"rendered":"<ul>\n<li>wykonane z mi\u0119sistej, ciep\u0142ej dzianiny\n<li>mocno elastyczny splot\n<li>zako\u0144czone \u015bci\u0105gaczem<\/ul>\n","protected":false},"excerpt":{"rendered":"<p>wykonane z mi\u0119sistej, ciep\u0142ej dzianiny mocno elastyczny splot zako\u0144czone \u015bci\u0105gaczem<\/p>\n","protected":false},"featured_media":21372,"comment_status":"closed","ping_status":"open","template":"","meta":[],"product_brand":[416],"product_cat":[752,440,783],"product_tag":[],"class_list":{"0":"post-16920","1":"product","2":"type-product","3":"status-publish","4":"has-post-thumbnail","6":"product_brand-stalco","7":"product_cat-bielizna-i-skarpety","8":"product_cat-odziez-robocza","9":"product_cat-skarpety-robocze-ocieplane","10":"pa_kolor-czarny","11":"pa_producent-stalco","12":"pa_rozmiar-one-size","13":"pa_waga-0-07","15":"first","16":"instock","17":"shipping-taxable","18":"purchasable","19":"product-type-simple"},"_links":{"self":[{"href":"https:\/\/asbhp.pl\/index.php?rest_route=\/wp\/v2\/product\/16920","targetHints":{"allow":["GET"]}}],"collection":[{"href":"https:\/\/asbhp.pl\/index.php?rest_route=\/wp\/v2\/product"}],"about":[{"href":"https:\/\/asbhp.pl\/index.php?rest_route=\/wp\/v2\/types\/product"}],"replies":[{"embeddable":true,"href":"https:\/\/asbhp.pl\/index.php?rest_route=%2Fwp%2Fv2%2Fcomments&post=16920"}],"wp:featuredmedia":[{"embeddable":true,"href":"https:\/\/asbhp.pl\/index.php?rest_route=\/wp\/v2\/media\/21372"}],"wp:attachment":[{"href":"https:\/\/asbhp.pl\/index.php?rest_route=%2Fwp%2Fv2%2Fmedia&parent=16920"}],"wp:term":[{"taxonomy":"product_brand","embeddable":true,"href":"https:\/\/asbhp.pl\/index.php?rest_route=%2Fwp%2Fv2%2Fproduct_brand&post=16920"},{"taxonomy":"product_cat","embeddable":true,"href":"https:\/\/asbhp.pl\/index.php?rest_route=%2Fwp%2Fv2%2Fproduct_cat&post=16920"},{"taxonomy":"product_tag","embeddable":true,"href":"https:\/\/asbhp.pl\/index.php?rest_route=%2Fwp%2Fv2%2Fproduct_tag&post=16920"}],"curies":[{"name":"wp","href":"https:\/\/api.w.org\/{rel}","templated":true}]}}