{"id":16922,"date":"2025-10-10T08:58:03","date_gmt":"2025-10-10T06:58:03","guid":{"rendered":"https:\/\/asbhp.pl\/produkt\/nakolanniki-piankowe-eva\/"},"modified":"2025-10-10T08:58:05","modified_gmt":"2025-10-10T06:58:05","slug":"nakolanniki-piankowe-eva","status":"publish","type":"product","link":"https:\/\/asbhp.pl\/?product=nakolanniki-piankowe-eva","title":{"rendered":"Nakolanniki piankowe EVA"},"content":{"rendered":"<ul>\n<li>bardzo lekki materia\u0142<\/li>\n<li>wykonane z pianki EVA<\/li>\n<li>o podwy\u017cszonej elastyczno\u015bci<\/li>\n<li>w\u0142a\u015bciwo\u015bci amortyzuj\u0105ce<\/li>\n<\/ul>\n","protected":false},"excerpt":{"rendered":"<p>bardzo lekki materia\u0142 wykonane z pianki EVA o podwy\u017cszonej elastyczno\u015bci w\u0142a\u015bciwo\u015bci amortyzuj\u0105ce<\/p>\n","protected":false},"featured_media":16923,"comment_status":"closed","ping_status":"open","template":"","meta":[],"product_brand":[416],"product_cat":[785,440],"product_tag":[],"class_list":{"0":"post-16922","1":"product","2":"type-product","3":"status-publish","4":"has-post-thumbnail","6":"product_brand-stalco","7":"product_cat-akcesoria-odziezowe","8":"product_cat-odziez-robocza","9":"pa_producent-stalco","10":"pa_waga-0-102","12":"first","13":"instock","14":"shipping-taxable","15":"purchasable","16":"product-type-simple"},"_links":{"self":[{"href":"https:\/\/asbhp.pl\/index.php?rest_route=\/wp\/v2\/product\/16922","targetHints":{"allow":["GET"]}}],"collection":[{"href":"https:\/\/asbhp.pl\/index.php?rest_route=\/wp\/v2\/product"}],"about":[{"href":"https:\/\/asbhp.pl\/index.php?rest_route=\/wp\/v2\/types\/product"}],"replies":[{"embeddable":true,"href":"https:\/\/asbhp.pl\/index.php?rest_route=%2Fwp%2Fv2%2Fcomments&post=16922"}],"wp:featuredmedia":[{"embeddable":true,"href":"https:\/\/asbhp.pl\/index.php?rest_route=\/wp\/v2\/media\/16923"}],"wp:attachment":[{"href":"https:\/\/asbhp.pl\/index.php?rest_route=%2Fwp%2Fv2%2Fmedia&parent=16922"}],"wp:term":[{"taxonomy":"product_brand","embeddable":true,"href":"https:\/\/asbhp.pl\/index.php?rest_route=%2Fwp%2Fv2%2Fproduct_brand&post=16922"},{"taxonomy":"product_cat","embeddable":true,"href":"https:\/\/asbhp.pl\/index.php?rest_route=%2Fwp%2Fv2%2Fproduct_cat&post=16922"},{"taxonomy":"product_tag","embeddable":true,"href":"https:\/\/asbhp.pl\/index.php?rest_route=%2Fwp%2Fv2%2Fproduct_tag&post=16922"}],"curies":[{"name":"wp","href":"https:\/\/api.w.org\/{rel}","templated":true}]}}