{"id":16924,"date":"2025-10-10T09:07:19","date_gmt":"2025-10-10T07:07:19","guid":{"rendered":"https:\/\/asbhp.pl\/produkt\/pasek-do-spodni-bell\/"},"modified":"2025-10-11T21:42:20","modified_gmt":"2025-10-11T19:42:20","slug":"czarny-3","status":"publish","type":"product","link":"https:\/\/asbhp.pl\/?product=czarny-3","title":{"rendered":"Pasek Czarny"},"content":{"rendered":"<ul>\n<li>Pasek wytrzyma\u0142y, odporny na przetarcia<\/li>\n<li>Metalowa, silna klamra<\/li>\n<li>Jeden rozmiar z mo\u017cliwo\u015bci\u0105 skr\u00f3cenia<\/li>\n<li>Pasuje do wszystkich spodni Stalco i Stalco Perfect<\/li>\n<li>Regulowany obw\u00f3d, dla idealnego dopasowania<\/li>\n<li>Ko\u0144c\u00f3wka zabezpieczona metalowym okuciem<\/li>\n<li>Ta\u015bma paska z bawe\u0142n\u0105, przyjemy w dotyku<\/li>\n<li>Szeroko\u015b\u0107 3,7cm, d\u0142ugo\u015b\u0107 130cm<\/li>\n<\/ul>\n","protected":false},"excerpt":{"rendered":"<p>Pasek wytrzyma\u0142y, odporny na przetarcia Metalowa, silna klamra Jeden rozmiar z mo\u017cliwo\u015bci\u0105 skr\u00f3cenia Pasuje do wszystkich spodni Stalco i Stalco Perfect Regulowany obw\u00f3d, dla idealnego dopasowania Ko\u0144c\u00f3wka zabezpieczona metalowym okuciem Ta\u015bma paska z bawe\u0142n\u0105, przyjemy w dotyku Szeroko\u015b\u0107 3,7cm, d\u0142ugo\u015b\u0107 130cm<\/p>\n","protected":false},"featured_media":21373,"comment_status":"closed","ping_status":"closed","template":"","meta":[],"product_brand":[416],"product_cat":[785,440,787],"product_tag":[],"class_list":{"0":"post-16924","1":"product","2":"type-product","3":"status-publish","4":"has-post-thumbnail","6":"product_brand-stalco","7":"product_cat-akcesoria-odziezowe","8":"product_cat-odziez-robocza","9":"product_cat-paski","10":"pa_producent-stalco","11":"pa_waga-0-144","13":"first","14":"instock","15":"shipping-taxable","16":"purchasable","17":"product-type-simple"},"_links":{"self":[{"href":"https:\/\/asbhp.pl\/index.php?rest_route=\/wp\/v2\/product\/16924","targetHints":{"allow":["GET"]}}],"collection":[{"href":"https:\/\/asbhp.pl\/index.php?rest_route=\/wp\/v2\/product"}],"about":[{"href":"https:\/\/asbhp.pl\/index.php?rest_route=\/wp\/v2\/types\/product"}],"replies":[{"embeddable":true,"href":"https:\/\/asbhp.pl\/index.php?rest_route=%2Fwp%2Fv2%2Fcomments&post=16924"}],"wp:featuredmedia":[{"embeddable":true,"href":"https:\/\/asbhp.pl\/index.php?rest_route=\/wp\/v2\/media\/21373"}],"wp:attachment":[{"href":"https:\/\/asbhp.pl\/index.php?rest_route=%2Fwp%2Fv2%2Fmedia&parent=16924"}],"wp:term":[{"taxonomy":"product_brand","embeddable":true,"href":"https:\/\/asbhp.pl\/index.php?rest_route=%2Fwp%2Fv2%2Fproduct_brand&post=16924"},{"taxonomy":"product_cat","embeddable":true,"href":"https:\/\/asbhp.pl\/index.php?rest_route=%2Fwp%2Fv2%2Fproduct_cat&post=16924"},{"taxonomy":"product_tag","embeddable":true,"href":"https:\/\/asbhp.pl\/index.php?rest_route=%2Fwp%2Fv2%2Fproduct_tag&post=16924"}],"curies":[{"name":"wp","href":"https:\/\/api.w.org\/{rel}","templated":true}]}}