{"id":1693,"date":"2019-09-24T20:49:52","date_gmt":"2019-09-24T18:49:52","guid":{"rendered":"http:\/\/www.asbhp.pl\/produkt\/obuwie-robocze-piuwysokie-ze-skirzanego-buffalo-c-ognioodporne-s3-src\/"},"modified":"2019-10-05T22:16:26","modified_gmt":"2019-10-05T20:16:26","slug":"obuwie-robocze-piuwysokie-ze-skirzanego-buffalo-c-ognioodporne-s3-src","status":"publish","type":"product","link":"https:\/\/asbhp.pl\/?product=obuwie-robocze-piuwysokie-ze-skirzanego-buffalo-c-ognioodporne-s3-src","title":{"rendered":"OBUWIE ROBOCZE P\u00d3\u0141WYSOKIE ZE SK\u00d3RZANEGO BUFFALO &#8220;C&#8221; OGNIOODPORNE &#8211; S3 SRC"},"content":{"rendered":"","protected":false},"excerpt":{"rendered":"<p>OBUWIE ROBOCZE P\u00d3\u0141WYSOKIE ZE SK\u00d3RZANEGO BUFFALO &#8220;C&#8221; OGNIOODPORNE &#8211; S3 SRC<\/p>\n","protected":false},"featured_media":1694,"comment_status":"closed","ping_status":"closed","template":"","meta":[],"product_brand":[],"product_cat":[16],"product_tag":[106],"class_list":{"0":"post-1693","1":"product","2":"type-product","3":"status-publish","4":"has-post-thumbnail","6":"product_cat-bez-kategorii","7":"product_tag-deltaplus","9":"first","10":"instock","11":"purchasable","12":"product-type-simple"},"_links":{"self":[{"href":"https:\/\/asbhp.pl\/index.php?rest_route=\/wp\/v2\/product\/1693","targetHints":{"allow":["GET"]}}],"collection":[{"href":"https:\/\/asbhp.pl\/index.php?rest_route=\/wp\/v2\/product"}],"about":[{"href":"https:\/\/asbhp.pl\/index.php?rest_route=\/wp\/v2\/types\/product"}],"replies":[{"embeddable":true,"href":"https:\/\/asbhp.pl\/index.php?rest_route=%2Fwp%2Fv2%2Fcomments&post=1693"}],"wp:featuredmedia":[{"embeddable":true,"href":"https:\/\/asbhp.pl\/index.php?rest_route=\/wp\/v2\/media\/1694"}],"wp:attachment":[{"href":"https:\/\/asbhp.pl\/index.php?rest_route=%2Fwp%2Fv2%2Fmedia&parent=1693"}],"wp:term":[{"taxonomy":"product_brand","embeddable":true,"href":"https:\/\/asbhp.pl\/index.php?rest_route=%2Fwp%2Fv2%2Fproduct_brand&post=1693"},{"taxonomy":"product_cat","embeddable":true,"href":"https:\/\/asbhp.pl\/index.php?rest_route=%2Fwp%2Fv2%2Fproduct_cat&post=1693"},{"taxonomy":"product_tag","embeddable":true,"href":"https:\/\/asbhp.pl\/index.php?rest_route=%2Fwp%2Fv2%2Fproduct_tag&post=1693"}],"curies":[{"name":"wp","href":"https:\/\/api.w.org\/{rel}","templated":true}]}}