{"id":16930,"date":"2025-10-10T09:07:19","date_gmt":"2025-10-10T07:07:19","guid":{"rendered":"https:\/\/asbhp.pl\/produkt\/kominiarka-3w1-pepper-3in1\/"},"modified":"2025-10-10T09:07:27","modified_gmt":"2025-10-10T07:07:27","slug":"czarny-4","status":"publish","type":"product","link":"https:\/\/asbhp.pl\/?product=czarny-4","title":{"rendered":"Czarny"},"content":{"rendered":"<ul>\n<li>3in1 &#8211; 3 opcje zak\u0142adania\n<li>dziania polarowa\n<li>termoaktywno\u015b\u0107\n<li>elastyczna tasiemka\n<li>regulowana gumk\u0105 ze stoperem\n<li>miejsce na logowanie<\/ul>\n","protected":false},"excerpt":{"rendered":"<p>3in1 &#8211; 3 opcje zak\u0142adania dziania polarowa termoaktywno\u015b\u0107 elastyczna tasiemka regulowana gumk\u0105 ze stoperem miejsce na logowanie<\/p>\n","protected":false},"featured_media":21377,"comment_status":"closed","ping_status":"open","template":"","meta":[],"product_brand":[416],"product_cat":[789,440],"product_tag":[],"class_list":{"0":"post-16930","1":"product","2":"type-product","3":"status-publish","4":"has-post-thumbnail","6":"product_brand-stalco","7":"product_cat-kominiarki","8":"product_cat-odziez-robocza","9":"pa_producent-stalco","10":"pa_waga-0-075","12":"first","13":"instock","14":"shipping-taxable","15":"purchasable","16":"product-type-simple"},"_links":{"self":[{"href":"https:\/\/asbhp.pl\/index.php?rest_route=\/wp\/v2\/product\/16930","targetHints":{"allow":["GET"]}}],"collection":[{"href":"https:\/\/asbhp.pl\/index.php?rest_route=\/wp\/v2\/product"}],"about":[{"href":"https:\/\/asbhp.pl\/index.php?rest_route=\/wp\/v2\/types\/product"}],"replies":[{"embeddable":true,"href":"https:\/\/asbhp.pl\/index.php?rest_route=%2Fwp%2Fv2%2Fcomments&post=16930"}],"wp:featuredmedia":[{"embeddable":true,"href":"https:\/\/asbhp.pl\/index.php?rest_route=\/wp\/v2\/media\/21377"}],"wp:attachment":[{"href":"https:\/\/asbhp.pl\/index.php?rest_route=%2Fwp%2Fv2%2Fmedia&parent=16930"}],"wp:term":[{"taxonomy":"product_brand","embeddable":true,"href":"https:\/\/asbhp.pl\/index.php?rest_route=%2Fwp%2Fv2%2Fproduct_brand&post=16930"},{"taxonomy":"product_cat","embeddable":true,"href":"https:\/\/asbhp.pl\/index.php?rest_route=%2Fwp%2Fv2%2Fproduct_cat&post=16930"},{"taxonomy":"product_tag","embeddable":true,"href":"https:\/\/asbhp.pl\/index.php?rest_route=%2Fwp%2Fv2%2Fproduct_tag&post=16930"}],"curies":[{"name":"wp","href":"https:\/\/api.w.org\/{rel}","templated":true}]}}