{"id":16946,"date":"2025-10-10T09:07:36","date_gmt":"2025-10-10T07:07:36","guid":{"rendered":"https:\/\/asbhp.pl\/produkt\/szelki-do-spodni-braces\/"},"modified":"2025-10-10T09:07:50","modified_gmt":"2025-10-10T07:07:50","slug":"czarny-8","status":"publish","type":"product","link":"https:\/\/asbhp.pl\/?product=czarny-8","title":{"rendered":"Czarny"},"content":{"rendered":"<ul>\n<li>BRACES\n<li>Ergonomiczne szelki z szerokimi elastycznymi ta\u015bmami r\u00f3wnomernie rozk\u0142adaj\u0105cymi obci\u0105\u017cenie\n<li>utrzymuj\u0105 spodnie na miejscu i zapewniaj\u0105 ca\u0142odzienny komfort pracy\n<li>szerokie, elastycze ta\u015bmy dla komfortu i optymalnego dopasowania\n<li>szerokie i wygodne klipsy\n<li>gwarantuj\u0105 pewne zapi\u0119cie\n<li>\u0142atwa regulacja d\u0142ugo\u015bci                 <\/ul>\n","protected":false},"excerpt":{"rendered":"<p>BRACES Ergonomiczne szelki z szerokimi elastycznymi ta\u015bmami r\u00f3wnomernie rozk\u0142adaj\u0105cymi obci\u0105\u017cenie utrzymuj\u0105 spodnie na miejscu i zapewniaj\u0105 ca\u0142odzienny komfort pracy szerokie, elastycze ta\u015bmy dla komfortu i optymalnego dopasowania szerokie i wygodne klipsy gwarantuj\u0105 pewne zapi\u0119cie \u0142atwa regulacja d\u0142ugo\u015bci<\/p>\n","protected":false},"featured_media":21535,"comment_status":"closed","ping_status":"open","template":"","meta":[],"product_brand":[483],"product_cat":[785,440,794],"product_tag":[],"class_list":{"0":"post-16946","1":"product","2":"type-product","3":"status-publish","4":"has-post-thumbnail","6":"product_brand-stalco-perfect","7":"product_cat-akcesoria-odziezowe","8":"product_cat-odziez-robocza","9":"product_cat-szelki","10":"pa_producent-stalco-perfect","11":"pa_waga-0-21","13":"first","14":"instock","15":"shipping-taxable","16":"purchasable","17":"product-type-simple"},"_links":{"self":[{"href":"https:\/\/asbhp.pl\/index.php?rest_route=\/wp\/v2\/product\/16946","targetHints":{"allow":["GET"]}}],"collection":[{"href":"https:\/\/asbhp.pl\/index.php?rest_route=\/wp\/v2\/product"}],"about":[{"href":"https:\/\/asbhp.pl\/index.php?rest_route=\/wp\/v2\/types\/product"}],"replies":[{"embeddable":true,"href":"https:\/\/asbhp.pl\/index.php?rest_route=%2Fwp%2Fv2%2Fcomments&post=16946"}],"wp:featuredmedia":[{"embeddable":true,"href":"https:\/\/asbhp.pl\/index.php?rest_route=\/wp\/v2\/media\/21535"}],"wp:attachment":[{"href":"https:\/\/asbhp.pl\/index.php?rest_route=%2Fwp%2Fv2%2Fmedia&parent=16946"}],"wp:term":[{"taxonomy":"product_brand","embeddable":true,"href":"https:\/\/asbhp.pl\/index.php?rest_route=%2Fwp%2Fv2%2Fproduct_brand&post=16946"},{"taxonomy":"product_cat","embeddable":true,"href":"https:\/\/asbhp.pl\/index.php?rest_route=%2Fwp%2Fv2%2Fproduct_cat&post=16946"},{"taxonomy":"product_tag","embeddable":true,"href":"https:\/\/asbhp.pl\/index.php?rest_route=%2Fwp%2Fv2%2Fproduct_tag&post=16946"}],"curies":[{"name":"wp","href":"https:\/\/api.w.org\/{rel}","templated":true}]}}