{"id":16969,"date":"2025-10-10T08:58:03","date_gmt":"2025-10-10T06:58:03","guid":{"rendered":"https:\/\/asbhp.pl\/produkt\/czapka-z-latarka-ray\/"},"modified":"2025-10-10T08:58:09","modified_gmt":"2025-10-10T06:58:09","slug":"czapka-z-latarka-ray","status":"publish","type":"product","link":"https:\/\/asbhp.pl\/?product=czapka-z-latarka-ray","title":{"rendered":"Czapka z latark\u0105 RAY"},"content":{"rendered":"<ul>\n<li>latarka LED \u2013 4 tryby \u015bwiecenia \u2013 100%, 75%, 50% i pulsuj\u0105ce<\/li>\n<li>jasno\u015b\u0107 120 lm<\/li>\n<li>\u0142adowanie USB<\/li>\n<li>kolor czarny<\/li>\n<li>dwuwarstwowa<\/li>\n<li>rozmiar uniwersalny 54-62<\/li>\n<li>woreczek z wieszakiem z tworzywa<\/li>\n<li>logowanie: haft i naszywki<\/li>\n<\/ul>\n","protected":false},"excerpt":{"rendered":"<p>latarka LED \u2013 4 tryby \u015bwiecenia \u2013 100%, 75%, 50% i pulsuj\u0105ce jasno\u015b\u0107 120 lm \u0142adowanie USB kolor czarny dwuwarstwowa rozmiar uniwersalny 54-62 woreczek z wieszakiem z tworzywa logowanie: haft i naszywki<\/p>\n","protected":false},"featured_media":16970,"comment_status":"closed","ping_status":"open","template":"","meta":[],"product_brand":[416],"product_cat":[798,440],"product_tag":[],"class_list":{"0":"post-16969","1":"product","2":"type-product","3":"status-publish","4":"has-post-thumbnail","6":"product_brand-stalco","7":"product_cat-czapki-z-lampka","8":"product_cat-odziez-robocza","9":"pa_producent-stalco","10":"pa_waga-0-11","12":"first","13":"instock","14":"shipping-taxable","15":"purchasable","16":"product-type-simple"},"_links":{"self":[{"href":"https:\/\/asbhp.pl\/index.php?rest_route=\/wp\/v2\/product\/16969","targetHints":{"allow":["GET"]}}],"collection":[{"href":"https:\/\/asbhp.pl\/index.php?rest_route=\/wp\/v2\/product"}],"about":[{"href":"https:\/\/asbhp.pl\/index.php?rest_route=\/wp\/v2\/types\/product"}],"replies":[{"embeddable":true,"href":"https:\/\/asbhp.pl\/index.php?rest_route=%2Fwp%2Fv2%2Fcomments&post=16969"}],"wp:featuredmedia":[{"embeddable":true,"href":"https:\/\/asbhp.pl\/index.php?rest_route=\/wp\/v2\/media\/16970"}],"wp:attachment":[{"href":"https:\/\/asbhp.pl\/index.php?rest_route=%2Fwp%2Fv2%2Fmedia&parent=16969"}],"wp:term":[{"taxonomy":"product_brand","embeddable":true,"href":"https:\/\/asbhp.pl\/index.php?rest_route=%2Fwp%2Fv2%2Fproduct_brand&post=16969"},{"taxonomy":"product_cat","embeddable":true,"href":"https:\/\/asbhp.pl\/index.php?rest_route=%2Fwp%2Fv2%2Fproduct_cat&post=16969"},{"taxonomy":"product_tag","embeddable":true,"href":"https:\/\/asbhp.pl\/index.php?rest_route=%2Fwp%2Fv2%2Fproduct_tag&post=16969"}],"curies":[{"name":"wp","href":"https:\/\/api.w.org\/{rel}","templated":true}]}}