{"id":17081,"date":"2025-10-10T09:07:36","date_gmt":"2025-10-10T07:07:36","guid":{"rendered":"https:\/\/asbhp.pl\/produkt\/polbut-skorzany-service-s1\/"},"modified":"2025-10-10T09:07:58","modified_gmt":"2025-10-10T07:07:58","slug":"36","status":"publish","type":"product","link":"https:\/\/asbhp.pl\/?product=36","title":{"rendered":"36"},"content":{"rendered":"<ul>\n<li>Sk\u00f3ra naturalna zamszowa<\/li>\n<li>Podnosek Metalowy<\/li>\n<li>Podeszwa PU\/PU &#8211; Dwustopniowy wtrysk poliuretanu<\/li>\n<li>Podeszwa antypo\u015blizgowa SR\/SRC<\/li>\n<li>Podeszwa olejoodporna<\/li>\n<li>Podeszwa antyelektrostatyczna<\/li>\n<li>Zabudowana pi\u0119ta<\/li>\n<li>System Anti- shock<\/li>\n<li>Wbudowana zapi\u0119tka sk\u00f3rzana<\/li>\n<li>Element odblaskowy<\/li>\n<\/ul>\n","protected":false},"excerpt":{"rendered":"<p>Sk\u00f3ra naturalna zamszowa Podnosek Metalowy Podeszwa PU\/PU &#8211; Dwustopniowy wtrysk poliuretanu Podeszwa antypo\u015blizgowa SR\/SRC Podeszwa olejoodporna Podeszwa antyelektrostatyczna Zabudowana pi\u0119ta System Anti- shock Wbudowana zapi\u0119tka sk\u00f3rzana Element odblaskowy<\/p>\n","protected":false},"featured_media":21428,"comment_status":"closed","ping_status":"open","template":"","meta":[],"product_brand":[416],"product_cat":[21,46,792],"product_tag":[],"class_list":{"0":"post-17081","1":"product","2":"type-product","3":"status-publish","4":"has-post-thumbnail","6":"product_brand-stalco","7":"product_cat-obuwie-robocze","8":"product_cat-polbuty","9":"product_cat-polbuty-robocze","10":"pa_producent-stalco","11":"pa_rozmiar-202","12":"pa_rozmiar-203","13":"pa_rozmiar-204","14":"pa_rozmiar-205","15":"pa_rozmiar-206","16":"pa_rozmiar-207","17":"pa_rozmiar-208","18":"pa_rozmiar-209","19":"pa_rozmiar-161","20":"pa_rozmiar-210","21":"pa_rozmiar-162","22":"pa_rozmiar-211","23":"pa_rozmiar-164","24":"pa_waga-1-045","25":"pa_waga-1-095","26":"pa_waga-1-14","27":"pa_waga-1-15","28":"pa_waga-1-18","29":"pa_waga-1-216","30":"pa_waga-1-225","31":"pa_waga-1-233","32":"pa_waga-1-272","33":"pa_waga-1-292","34":"pa_waga-1-33","35":"pa_waga-1-35","36":"pa_waga-1-4","38":"first","39":"instock","40":"shipping-taxable","41":"purchasable","42":"product-type-variable","43":"has-default-attributes"},"_links":{"self":[{"href":"https:\/\/asbhp.pl\/index.php?rest_route=\/wp\/v2\/product\/17081","targetHints":{"allow":["GET"]}}],"collection":[{"href":"https:\/\/asbhp.pl\/index.php?rest_route=\/wp\/v2\/product"}],"about":[{"href":"https:\/\/asbhp.pl\/index.php?rest_route=\/wp\/v2\/types\/product"}],"replies":[{"embeddable":true,"href":"https:\/\/asbhp.pl\/index.php?rest_route=%2Fwp%2Fv2%2Fcomments&post=17081"}],"wp:featuredmedia":[{"embeddable":true,"href":"https:\/\/asbhp.pl\/index.php?rest_route=\/wp\/v2\/media\/21428"}],"wp:attachment":[{"href":"https:\/\/asbhp.pl\/index.php?rest_route=%2Fwp%2Fv2%2Fmedia&parent=17081"}],"wp:term":[{"taxonomy":"product_brand","embeddable":true,"href":"https:\/\/asbhp.pl\/index.php?rest_route=%2Fwp%2Fv2%2Fproduct_brand&post=17081"},{"taxonomy":"product_cat","embeddable":true,"href":"https:\/\/asbhp.pl\/index.php?rest_route=%2Fwp%2Fv2%2Fproduct_cat&post=17081"},{"taxonomy":"product_tag","embeddable":true,"href":"https:\/\/asbhp.pl\/index.php?rest_route=%2Fwp%2Fv2%2Fproduct_tag&post=17081"}],"curies":[{"name":"wp","href":"https:\/\/api.w.org\/{rel}","templated":true}]}}