{"id":1732,"date":"2019-09-24T20:50:04","date_gmt":"2019-09-24T18:50:04","guid":{"rendered":"http:\/\/www.asbhp.pl\/produkt\/ciepue-spodnie-d-mach-65-poliester-35-baweuna\/"},"modified":"2019-10-08T14:46:20","modified_gmt":"2019-10-08T12:46:20","slug":"ciepue-spodnie-d-mach-65-poliester-35-baweuna","status":"publish","type":"product","link":"https:\/\/asbhp.pl\/?product=ciepue-spodnie-d-mach-65-poliester-35-baweuna","title":{"rendered":"CIEP\u0141E SPODNIE D-MACH 65% POLIESTER 35% BAWE\u0141NA"},"content":{"rendered":"","protected":false},"excerpt":{"rendered":"<p>CIEP\u0141E SPODNIE D-MACH 65% POLIESTER 35% BAWE\u0141NA<\/p>\n","protected":false},"featured_media":1733,"comment_status":"closed","ping_status":"closed","template":"","meta":[],"product_brand":[],"product_cat":[41,44],"product_tag":[106],"class_list":{"0":"post-1732","1":"product","2":"type-product","3":"status-publish","4":"has-post-thumbnail","6":"product_cat-odziez-ochronna","7":"product_cat-spodnie-do-pasa","8":"product_tag-deltaplus","10":"first","11":"instock","12":"purchasable","13":"product-type-simple"},"_links":{"self":[{"href":"https:\/\/asbhp.pl\/index.php?rest_route=\/wp\/v2\/product\/1732","targetHints":{"allow":["GET"]}}],"collection":[{"href":"https:\/\/asbhp.pl\/index.php?rest_route=\/wp\/v2\/product"}],"about":[{"href":"https:\/\/asbhp.pl\/index.php?rest_route=\/wp\/v2\/types\/product"}],"replies":[{"embeddable":true,"href":"https:\/\/asbhp.pl\/index.php?rest_route=%2Fwp%2Fv2%2Fcomments&post=1732"}],"wp:featuredmedia":[{"embeddable":true,"href":"https:\/\/asbhp.pl\/index.php?rest_route=\/wp\/v2\/media\/1733"}],"wp:attachment":[{"href":"https:\/\/asbhp.pl\/index.php?rest_route=%2Fwp%2Fv2%2Fmedia&parent=1732"}],"wp:term":[{"taxonomy":"product_brand","embeddable":true,"href":"https:\/\/asbhp.pl\/index.php?rest_route=%2Fwp%2Fv2%2Fproduct_brand&post=1732"},{"taxonomy":"product_cat","embeddable":true,"href":"https:\/\/asbhp.pl\/index.php?rest_route=%2Fwp%2Fv2%2Fproduct_cat&post=1732"},{"taxonomy":"product_tag","embeddable":true,"href":"https:\/\/asbhp.pl\/index.php?rest_route=%2Fwp%2Fv2%2Fproduct_tag&post=1732"}],"curies":[{"name":"wp","href":"https:\/\/api.w.org\/{rel}","templated":true}]}}